{"id":78338,"date":"2026-02-05T11:45:39","date_gmt":"2026-02-05T09:45:39","guid":{"rendered":"https:\/\/freshgarbage.fi\/?post_type=product&#038;p=78338"},"modified":"2026-02-06T14:59:13","modified_gmt":"2026-02-06T12:59:13","slug":"rival-sons-head-down","status":"publish","type":"product","link":"https:\/\/freshgarbage.fi\/en\/product\/rival-sons-head-down\/","title":{"rendered":"Rival Sons \u2013 Head Down"},"content":{"rendered":"","protected":false},"excerpt":{"rendered":"<p>2LP. Hieman sis\u00e4pussin j\u00e4tt\u00e4m\u00e4\u00e4 pintaj\u00e4lke\u00e4, soi hienosti.<\/p>\n","protected":false},"featured_media":81508,"template":"","meta":{"_acf_changed":false},"product_brand":[],"product_cat":[130],"product_tag":[],"class_list":{"0":"post-78338","1":"product","2":"type-product","3":"status-publish","4":"has-post-thumbnail","6":"product_cat-alternative-indie-rock","7":"pa_formaatti-lp-en","8":"pa_kaytetty-uusi-2nd-hand","10":"first","11":"instock","12":"shipping-taxable","13":"purchasable","14":"product-type-simple"},"acf":[],"_links":{"self":[{"href":"https:\/\/freshgarbage.fi\/en\/wp-json\/wp\/v2\/product\/78338","targetHints":{"allow":["GET"]}}],"collection":[{"href":"https:\/\/freshgarbage.fi\/en\/wp-json\/wp\/v2\/product"}],"about":[{"href":"https:\/\/freshgarbage.fi\/en\/wp-json\/wp\/v2\/types\/product"}],"wp:featuredmedia":[{"embeddable":true,"href":"https:\/\/freshgarbage.fi\/en\/wp-json\/wp\/v2\/media\/81508"}],"wp:attachment":[{"href":"https:\/\/freshgarbage.fi\/en\/wp-json\/wp\/v2\/media?parent=78338"}],"wp:term":[{"taxonomy":"product_brand","embeddable":true,"href":"https:\/\/freshgarbage.fi\/en\/wp-json\/wp\/v2\/product_brand?post=78338"},{"taxonomy":"product_cat","embeddable":true,"href":"https:\/\/freshgarbage.fi\/en\/wp-json\/wp\/v2\/product_cat?post=78338"},{"taxonomy":"product_tag","embeddable":true,"href":"https:\/\/freshgarbage.fi\/en\/wp-json\/wp\/v2\/product_tag?post=78338"}],"curies":[{"name":"wp","href":"https:\/\/api.w.org\/{rel}","templated":true}]}}