{"id":78266,"date":"2026-02-03T11:44:59","date_gmt":"2026-02-03T09:44:59","guid":{"rendered":"https:\/\/freshgarbage.fi\/?post_type=product&#038;p=78266"},"modified":"2026-02-05T13:33:09","modified_gmt":"2026-02-05T11:33:09","slug":"polecats-marie-celeste-jeepster-down-the-line-hip-hip-baby-ep","status":"publish","type":"product","link":"https:\/\/freshgarbage.fi\/en\/product\/polecats-marie-celeste-jeepster-down-the-line-hip-hip-baby-ep\/","title":{"rendered":"Polecats \u2013 Marie Celeste \/ Jeepster \/ Down The Line \/ Hip Hip Baby EP"},"content":{"rendered":"","protected":false},"excerpt":{"rendered":"<p>Alkuper\u00e4inen UK-painos.<\/p>\n<p>Ohuessa kannessa hentoa taitosta. Levyss\u00e4 hieman kevytt\u00e4 j\u00e4lke\u00e4, soi hyvin.<\/p>\n<p>A1 Marie Celeste<br \/>\nA2 Jeepster<br \/>\nB1 Down The Line<br \/>\nB2 Hip Hip Baby<\/p>\n","protected":false},"featured_media":81278,"template":"","meta":{"_acf_changed":false},"product_brand":[],"product_cat":[116],"product_tag":[],"class_list":{"0":"post-78266","1":"product","2":"type-product","3":"status-publish","4":"has-post-thumbnail","6":"product_cat-rock-pop-en","7":"pa_formaatti-12-en","8":"pa_kaytetty-uusi-2nd-hand","10":"first","11":"outofstock","12":"shipping-taxable","13":"purchasable","14":"product-type-simple"},"acf":[],"_links":{"self":[{"href":"https:\/\/freshgarbage.fi\/en\/wp-json\/wp\/v2\/product\/78266","targetHints":{"allow":["GET"]}}],"collection":[{"href":"https:\/\/freshgarbage.fi\/en\/wp-json\/wp\/v2\/product"}],"about":[{"href":"https:\/\/freshgarbage.fi\/en\/wp-json\/wp\/v2\/types\/product"}],"wp:featuredmedia":[{"embeddable":true,"href":"https:\/\/freshgarbage.fi\/en\/wp-json\/wp\/v2\/media\/81278"}],"wp:attachment":[{"href":"https:\/\/freshgarbage.fi\/en\/wp-json\/wp\/v2\/media?parent=78266"}],"wp:term":[{"taxonomy":"product_brand","embeddable":true,"href":"https:\/\/freshgarbage.fi\/en\/wp-json\/wp\/v2\/product_brand?post=78266"},{"taxonomy":"product_cat","embeddable":true,"href":"https:\/\/freshgarbage.fi\/en\/wp-json\/wp\/v2\/product_cat?post=78266"},{"taxonomy":"product_tag","embeddable":true,"href":"https:\/\/freshgarbage.fi\/en\/wp-json\/wp\/v2\/product_tag?post=78266"}],"curies":[{"name":"wp","href":"https:\/\/api.w.org\/{rel}","templated":true}]}}