{"id":78264,"date":"2026-02-03T11:45:44","date_gmt":"2026-02-03T09:45:44","guid":{"rendered":"https:\/\/freshgarbage.fi\/?post_type=product&#038;p=78264"},"modified":"2026-02-06T15:00:18","modified_gmt":"2026-02-06T13:00:18","slug":"masabumi-kikuchi-gumbo-maxi","status":"publish","type":"product","link":"https:\/\/freshgarbage.fi\/en\/product\/masabumi-kikuchi-gumbo-maxi\/","title":{"rendered":"Masabumi Kikuchi \u2013 Gumbo MAXI"},"content":{"rendered":"","protected":false},"excerpt":{"rendered":"<p>Alkuper\u00e4inen USA-painos. Promo.<\/p>\n<p>Kevytt\u00e4 j\u00e4lke\u00e4\/hankaumaa, soi hyvin.<\/p>\n<p>A Gumbo 4:18<br \/>\nB Gumbo 4:18<\/p>\n","protected":false},"featured_media":81280,"template":"","meta":{"_acf_changed":false},"product_brand":[],"product_cat":[122],"product_tag":[],"class_list":{"0":"post-78264","1":"product","2":"type-product","3":"status-publish","4":"has-post-thumbnail","6":"product_cat-jazz-fusion-en","7":"pa_formaatti-12-en","8":"pa_kaytetty-uusi-2nd-hand","10":"first","11":"instock","12":"shipping-taxable","13":"purchasable","14":"product-type-simple"},"acf":[],"_links":{"self":[{"href":"https:\/\/freshgarbage.fi\/en\/wp-json\/wp\/v2\/product\/78264","targetHints":{"allow":["GET"]}}],"collection":[{"href":"https:\/\/freshgarbage.fi\/en\/wp-json\/wp\/v2\/product"}],"about":[{"href":"https:\/\/freshgarbage.fi\/en\/wp-json\/wp\/v2\/types\/product"}],"wp:featuredmedia":[{"embeddable":true,"href":"https:\/\/freshgarbage.fi\/en\/wp-json\/wp\/v2\/media\/81280"}],"wp:attachment":[{"href":"https:\/\/freshgarbage.fi\/en\/wp-json\/wp\/v2\/media?parent=78264"}],"wp:term":[{"taxonomy":"product_brand","embeddable":true,"href":"https:\/\/freshgarbage.fi\/en\/wp-json\/wp\/v2\/product_brand?post=78264"},{"taxonomy":"product_cat","embeddable":true,"href":"https:\/\/freshgarbage.fi\/en\/wp-json\/wp\/v2\/product_cat?post=78264"},{"taxonomy":"product_tag","embeddable":true,"href":"https:\/\/freshgarbage.fi\/en\/wp-json\/wp\/v2\/product_tag?post=78264"}],"curies":[{"name":"wp","href":"https:\/\/api.w.org\/{rel}","templated":true}]}}