{"id":78249,"date":"2026-02-20T11:45:31","date_gmt":"2026-02-20T09:45:31","guid":{"rendered":"https:\/\/freshgarbage.fi\/?post_type=product&#038;p=78249"},"modified":"2026-02-21T09:59:47","modified_gmt":"2026-02-21T07:59:47","slug":"the-great-white-cane-the-great-white-cane","status":"publish","type":"product","link":"https:\/\/freshgarbage.fi\/en\/product\/the-great-white-cane-the-great-white-cane\/","title":{"rendered":"The Great White Cane \u2013 The Great White Cane"},"content":{"rendered":"","protected":false},"excerpt":{"rendered":"<p>Alkuper\u00e4inen USA-painos. Die cut -cover.<\/p>\n<p>Jonkin verran j\u00e4lke\u00e4, soi hyvin. Selk\u00e4myksen yl\u00e4reuna revennyt pari sentti\u00e4, reunakulumaa.<\/p>\n","protected":false},"featured_media":82089,"template":"","meta":{"_acf_changed":false},"product_brand":[],"product_cat":[132],"product_tag":[],"class_list":{"0":"post-78249","1":"product","2":"type-product","3":"status-publish","4":"has-post-thumbnail","6":"product_cat-soul-funk-disco-rnb-en","7":"pa_formaatti-lp-en","8":"pa_kaytetty-uusi-2nd-hand","10":"first","11":"instock","12":"shipping-taxable","13":"purchasable","14":"product-type-simple"},"acf":[],"_links":{"self":[{"href":"https:\/\/freshgarbage.fi\/en\/wp-json\/wp\/v2\/product\/78249","targetHints":{"allow":["GET"]}}],"collection":[{"href":"https:\/\/freshgarbage.fi\/en\/wp-json\/wp\/v2\/product"}],"about":[{"href":"https:\/\/freshgarbage.fi\/en\/wp-json\/wp\/v2\/types\/product"}],"wp:featuredmedia":[{"embeddable":true,"href":"https:\/\/freshgarbage.fi\/en\/wp-json\/wp\/v2\/media\/82089"}],"wp:attachment":[{"href":"https:\/\/freshgarbage.fi\/en\/wp-json\/wp\/v2\/media?parent=78249"}],"wp:term":[{"taxonomy":"product_brand","embeddable":true,"href":"https:\/\/freshgarbage.fi\/en\/wp-json\/wp\/v2\/product_brand?post=78249"},{"taxonomy":"product_cat","embeddable":true,"href":"https:\/\/freshgarbage.fi\/en\/wp-json\/wp\/v2\/product_cat?post=78249"},{"taxonomy":"product_tag","embeddable":true,"href":"https:\/\/freshgarbage.fi\/en\/wp-json\/wp\/v2\/product_tag?post=78249"}],"curies":[{"name":"wp","href":"https:\/\/api.w.org\/{rel}","templated":true}]}}