{"id":78246,"date":"2026-02-20T11:45:38","date_gmt":"2026-02-20T09:45:38","guid":{"rendered":"https:\/\/freshgarbage.fi\/?post_type=product&#038;p=78246"},"modified":"2026-02-21T09:59:38","modified_gmt":"2026-02-21T07:59:38","slug":"herb-ellis-ray-brown-harry-sweets-edison-jake-hanna-plas-johnson-george-duke-after-youve-gone","status":"publish","type":"product","link":"https:\/\/freshgarbage.fi\/en\/product\/herb-ellis-ray-brown-harry-sweets-edison-jake-hanna-plas-johnson-george-duke-after-youve-gone\/","title":{"rendered":"Herb Ellis, Ray Brown, Harry &#8220;Sweets&#8221; Edison, Jake Hanna, Plas Johnson, George Duke \u2013 After You&#8217;ve Gone"},"content":{"rendered":"","protected":false},"excerpt":{"rendered":"<p>Alkuper\u00e4inen USA-painos. Cut out. Promo-tarra kutistemuovin p\u00e4\u00e4ll\u00e4.<\/p>\n","protected":false},"featured_media":82091,"template":"","meta":{"_acf_changed":false},"product_brand":[],"product_cat":[122],"product_tag":[],"class_list":{"0":"post-78246","1":"product","2":"type-product","3":"status-publish","4":"has-post-thumbnail","6":"product_cat-jazz-fusion-en","7":"pa_formaatti-lp-en","8":"pa_kaytetty-uusi-2nd-hand","10":"first","11":"instock","12":"shipping-taxable","13":"purchasable","14":"product-type-simple"},"acf":[],"_links":{"self":[{"href":"https:\/\/freshgarbage.fi\/en\/wp-json\/wp\/v2\/product\/78246","targetHints":{"allow":["GET"]}}],"collection":[{"href":"https:\/\/freshgarbage.fi\/en\/wp-json\/wp\/v2\/product"}],"about":[{"href":"https:\/\/freshgarbage.fi\/en\/wp-json\/wp\/v2\/types\/product"}],"wp:featuredmedia":[{"embeddable":true,"href":"https:\/\/freshgarbage.fi\/en\/wp-json\/wp\/v2\/media\/82091"}],"wp:attachment":[{"href":"https:\/\/freshgarbage.fi\/en\/wp-json\/wp\/v2\/media?parent=78246"}],"wp:term":[{"taxonomy":"product_brand","embeddable":true,"href":"https:\/\/freshgarbage.fi\/en\/wp-json\/wp\/v2\/product_brand?post=78246"},{"taxonomy":"product_cat","embeddable":true,"href":"https:\/\/freshgarbage.fi\/en\/wp-json\/wp\/v2\/product_cat?post=78246"},{"taxonomy":"product_tag","embeddable":true,"href":"https:\/\/freshgarbage.fi\/en\/wp-json\/wp\/v2\/product_tag?post=78246"}],"curies":[{"name":"wp","href":"https:\/\/api.w.org\/{rel}","templated":true}]}}