{"id":78223,"date":"2026-02-27T11:45:49","date_gmt":"2026-02-27T09:45:49","guid":{"rendered":"https:\/\/freshgarbage.fi\/?post_type=product&#038;p=78223"},"modified":"2026-02-27T11:50:55","modified_gmt":"2026-02-27T09:50:55","slug":"faces-snakes-and-ladders-the-best-of-faces","status":"publish","type":"product","link":"https:\/\/freshgarbage.fi\/en\/product\/faces-snakes-and-ladders-the-best-of-faces\/","title":{"rendered":"Faces \u2013 Snakes And Ladders \/ The Best Of Faces"},"content":{"rendered":"","protected":false},"excerpt":{"rendered":"<p>Alkuper\u00e4inen UK-painos.<\/p>\n<p>Levyss\u00e4 yksi pienelt\u00e4 tahralta n\u00e4ytt\u00e4v\u00e4 j\u00e4lki, mutta on v\u00e4ripoikkeama vinyylimassassa. Hyvin siisti kunto.<\/p>\n<p>A1 Pool Hall Richard 4:26<br \/>\nA2 Cindy Incidentally 2:35<br \/>\nA3 Ooh La La 3:35<br \/>\nA4 Sweet Lady Mary 5:30<br \/>\nA5 Flying 4:12<br \/>\nA6 Pineapple And The Monkey 4:20<br \/>\nB1 You Can Make Me Dance, Sing Or Anything 4:29<br \/>\nB2 Had Me A Real Good Time 2:52<br \/>\nB3 Stay With Me 4:37<br \/>\nB4 Miss Judy&#8217;s Farm 3:38<br \/>\nB5 Silicone Grown 3:06<br \/>\nB6 Around The Plynth 5:45<\/p>\n","protected":false},"featured_media":82648,"template":"","meta":{"_acf_changed":false},"product_brand":[],"product_cat":[116],"product_tag":[],"class_list":{"0":"post-78223","1":"product","2":"type-product","3":"status-publish","4":"has-post-thumbnail","6":"product_cat-rock-pop-en","7":"pa_formaatti-lp-en","8":"pa_kaytetty-uusi-2nd-hand","10":"first","11":"instock","12":"shipping-taxable","13":"purchasable","14":"product-type-simple"},"acf":[],"_links":{"self":[{"href":"https:\/\/freshgarbage.fi\/en\/wp-json\/wp\/v2\/product\/78223","targetHints":{"allow":["GET"]}}],"collection":[{"href":"https:\/\/freshgarbage.fi\/en\/wp-json\/wp\/v2\/product"}],"about":[{"href":"https:\/\/freshgarbage.fi\/en\/wp-json\/wp\/v2\/types\/product"}],"wp:featuredmedia":[{"embeddable":true,"href":"https:\/\/freshgarbage.fi\/en\/wp-json\/wp\/v2\/media\/82648"}],"wp:attachment":[{"href":"https:\/\/freshgarbage.fi\/en\/wp-json\/wp\/v2\/media?parent=78223"}],"wp:term":[{"taxonomy":"product_brand","embeddable":true,"href":"https:\/\/freshgarbage.fi\/en\/wp-json\/wp\/v2\/product_brand?post=78223"},{"taxonomy":"product_cat","embeddable":true,"href":"https:\/\/freshgarbage.fi\/en\/wp-json\/wp\/v2\/product_cat?post=78223"},{"taxonomy":"product_tag","embeddable":true,"href":"https:\/\/freshgarbage.fi\/en\/wp-json\/wp\/v2\/product_tag?post=78223"}],"curies":[{"name":"wp","href":"https:\/\/api.w.org\/{rel}","templated":true}]}}