{"id":78219,"date":"2026-02-13T15:01:24","date_gmt":"2026-02-13T13:01:24","guid":{"rendered":"https:\/\/freshgarbage.fi\/?post_type=product&#038;p=78219"},"modified":"2026-02-21T10:01:13","modified_gmt":"2026-02-21T08:01:13","slug":"various-hilselp-suomen-suursuosikit-samalla-levylla-2","status":"publish","type":"product","link":"https:\/\/freshgarbage.fi\/en\/product\/various-hilselp-suomen-suursuosikit-samalla-levylla-2\/","title":{"rendered":"Various \u2013 Hilselp (Suomen Suursuosikit Samalla Levyll\u00e4)"},"content":{"rendered":"","protected":false},"excerpt":{"rendered":"<p>Siisti ensimm\u00e4inen painos. Ei lehte\u00e4 mukana.<\/p>\n<p>A1 Eppu Normaali \u2013 Cock In My Pocket 2:51<br \/>\nA2 Maukka &amp; Nahkatakit \u2013 Kun S\u00e4 Tuomitset Mut 3:50<br \/>\nA3 Tinneri \u2013 Mustavalkoinen Maailma 2:23<br \/>\nA4 Pop-Idolit \u2013 Go Go Koululaitos 2:20<br \/>\nA5 Kohu-63 \u2013 Just Like Eddy, I Hate Teddy 1:40<br \/>\nA6 Kollaa Kest\u00e4\u00e4 \u2013 Adverts Blues 2:30<br \/>\nA7 Se \u2013 Punk On Typer\u00e4\u00e4 2:33<br \/>\nA8 Briard \u2013 Philosophy 1:56<br \/>\nA9 Pelle Miljoona 1980 \u2013 Ket\u00e4\u00e4n Ei Kiinnosta Mit\u00e4\u00e4n 3:05<br \/>\nB1 Sehr Schnell \u2013 Mongoloidi 3:08<br \/>\nB2 Ratsia \u2013 Ihohygieniaa 1:50<br \/>\nB3 Vandaalit \u2013 \u00c4l\u00e4 Pilaa Nuoruuttasi 2:21<br \/>\nB4 Vaavi \u2013 L\u00e4ll\u00e4tys 1:40<br \/>\nB5 Yp\u00f6-Viis \u2013 Pelk\u00e4\u00e4n Pime\u00e4\u00e4 2:26<br \/>\nB6 TV:n Orjat \u2013 S\u00e4 Et Pysty Irtautuu 1:50<br \/>\nB7 Loose Prick \u2013 M\u00e4 En Jaksa En\u00e4\u00e4 3:00<br \/>\nB8 Sensuuri \u2013 Back In The USSR 1:40<br \/>\nB9 Kaukanapoissa \u2013 Kalkki J\u00e4i Mainitsematta 1:32<\/p>\n","protected":false},"featured_media":81867,"template":"","meta":{"_acf_changed":false},"product_brand":[],"product_cat":[120,114],"product_tag":[],"class_list":{"0":"post-78219","1":"product","2":"type-product","3":"status-publish","4":"has-post-thumbnail","6":"product_cat-finnish","7":"product_cat-punk-hardcore-psychobilly-en","8":"pa_formaatti-lp-en","9":"pa_kaytetty-uusi-2nd-hand","11":"first","12":"instock","13":"shipping-taxable","14":"purchasable","15":"product-type-simple"},"acf":[],"_links":{"self":[{"href":"https:\/\/freshgarbage.fi\/en\/wp-json\/wp\/v2\/product\/78219","targetHints":{"allow":["GET"]}}],"collection":[{"href":"https:\/\/freshgarbage.fi\/en\/wp-json\/wp\/v2\/product"}],"about":[{"href":"https:\/\/freshgarbage.fi\/en\/wp-json\/wp\/v2\/types\/product"}],"wp:featuredmedia":[{"embeddable":true,"href":"https:\/\/freshgarbage.fi\/en\/wp-json\/wp\/v2\/media\/81867"}],"wp:attachment":[{"href":"https:\/\/freshgarbage.fi\/en\/wp-json\/wp\/v2\/media?parent=78219"}],"wp:term":[{"taxonomy":"product_brand","embeddable":true,"href":"https:\/\/freshgarbage.fi\/en\/wp-json\/wp\/v2\/product_brand?post=78219"},{"taxonomy":"product_cat","embeddable":true,"href":"https:\/\/freshgarbage.fi\/en\/wp-json\/wp\/v2\/product_cat?post=78219"},{"taxonomy":"product_tag","embeddable":true,"href":"https:\/\/freshgarbage.fi\/en\/wp-json\/wp\/v2\/product_tag?post=78219"}],"curies":[{"name":"wp","href":"https:\/\/api.w.org\/{rel}","templated":true}]}}