{"id":78211,"date":"2026-01-29T11:44:01","date_gmt":"2026-01-29T09:44:01","guid":{"rendered":"https:\/\/freshgarbage.fi\/tuote\/various-valopatsaat\/"},"modified":"2026-01-29T11:44:01","modified_gmt":"2026-01-29T09:44:01","slug":"various-valopatsaat","status":"publish","type":"product","link":"https:\/\/freshgarbage.fi\/en\/product\/various-valopatsaat\/","title":{"rendered":"Various \u2013 Valopatsaat"},"content":{"rendered":"","protected":false},"excerpt":{"rendered":"<p>A1 A. Tikanm\u00e4ki \u2013 Finlandia<br \/>\nA2 Juice Leskinen Grand Slam \u2013 Nen\u00e4st\u00e4 Verta, Sielusta Kultaa<br \/>\nA3 Sig \u2013 \u00c4l\u00e4 Sin\u00e4 Huoli<br \/>\nA4 Dave Lindholm \u2013 Sit\u00e4h\u00e4n Se Kaikki On<br \/>\nA5 Zape Lepp\u00e4nen \u2013 Vieraat Kasvot (Vapauden Tango)<br \/>\nA6 Leevi And The Leavings \u2013 En Tahdo Sinua En\u00e4\u00e4<br \/>\nA7 M.A. Numminen \u2013 Tartu Rytmikapulaan, Ly\u00f6 Mua!<br \/>\nB1 Hector \u2013 Kainot Pojat<br \/>\nB2 Problems? \u2013 Mun Tie<br \/>\nB3 Rudi \u2013 Taivas Saa Odottaa<br \/>\nB4 Ile&#8217;s Disco \u2013 Kire\u00e4t Housut<br \/>\nB5 Juice Leskinen Grand Slam \u2013 Jalkahiki-Viki<br \/>\nB6 Matti Inkinen \u2013 Huima Lumous<br \/>\nB7 Rauli Badding Somerjoki \u2013 Y\u00f6linjalla<\/p>\n","protected":false},"featured_media":77974,"template":"","meta":{"_acf_changed":false},"product_brand":[],"product_cat":[120],"product_tag":[],"class_list":{"0":"post-78211","1":"product","2":"type-product","3":"status-publish","4":"has-post-thumbnail","6":"product_cat-finnish","7":"pa_formaatti-lp-en","8":"pa_kaytetty-uusi-2nd-hand","10":"first","11":"instock","12":"shipping-taxable","13":"purchasable","14":"product-type-simple"},"acf":[],"_links":{"self":[{"href":"https:\/\/freshgarbage.fi\/en\/wp-json\/wp\/v2\/product\/78211","targetHints":{"allow":["GET"]}}],"collection":[{"href":"https:\/\/freshgarbage.fi\/en\/wp-json\/wp\/v2\/product"}],"about":[{"href":"https:\/\/freshgarbage.fi\/en\/wp-json\/wp\/v2\/types\/product"}],"wp:featuredmedia":[{"embeddable":true,"href":"https:\/\/freshgarbage.fi\/en\/wp-json\/wp\/v2\/media\/77974"}],"wp:attachment":[{"href":"https:\/\/freshgarbage.fi\/en\/wp-json\/wp\/v2\/media?parent=78211"}],"wp:term":[{"taxonomy":"product_brand","embeddable":true,"href":"https:\/\/freshgarbage.fi\/en\/wp-json\/wp\/v2\/product_brand?post=78211"},{"taxonomy":"product_cat","embeddable":true,"href":"https:\/\/freshgarbage.fi\/en\/wp-json\/wp\/v2\/product_cat?post=78211"},{"taxonomy":"product_tag","embeddable":true,"href":"https:\/\/freshgarbage.fi\/en\/wp-json\/wp\/v2\/product_tag?post=78211"}],"curies":[{"name":"wp","href":"https:\/\/api.w.org\/{rel}","templated":true}]}}