{"id":78208,"date":"2026-01-29T11:44:50","date_gmt":"2026-01-29T09:44:50","guid":{"rendered":"https:\/\/freshgarbage.fi\/tuote\/paroni-paakkunainen-ja-karelia-yhtye-tuohihuilu\/"},"modified":"2026-01-29T11:44:50","modified_gmt":"2026-01-29T09:44:50","slug":"paroni-paakkunainen-ja-karelia-yhtye-tuohihuilu","status":"publish","type":"product","link":"https:\/\/freshgarbage.fi\/en\/product\/paroni-paakkunainen-ja-karelia-yhtye-tuohihuilu\/","title":{"rendered":"Paroni Paakkunainen Ja Karelia-Yhtye \u2013 Tuohihuilu"},"content":{"rendered":"","protected":false},"excerpt":{"rendered":"<p>Alkuper\u00e4inen painos.<\/p>\n<p>Hieman kevytt\u00e4 j\u00e4lke\u00e4.<\/p>\n","protected":false},"featured_media":77957,"template":"","meta":{"_acf_changed":false},"product_brand":[],"product_cat":[120,137],"product_tag":[],"class_list":{"0":"post-78208","1":"product","2":"type-product","3":"status-publish","4":"has-post-thumbnail","6":"product_cat-finnish","7":"product_cat-world-music-traditional-ethnic-en","8":"pa_formaatti-lp-en","9":"pa_kaytetty-uusi-2nd-hand","11":"first","12":"instock","13":"shipping-taxable","14":"purchasable","15":"product-type-simple"},"acf":[],"_links":{"self":[{"href":"https:\/\/freshgarbage.fi\/en\/wp-json\/wp\/v2\/product\/78208","targetHints":{"allow":["GET"]}}],"collection":[{"href":"https:\/\/freshgarbage.fi\/en\/wp-json\/wp\/v2\/product"}],"about":[{"href":"https:\/\/freshgarbage.fi\/en\/wp-json\/wp\/v2\/types\/product"}],"wp:featuredmedia":[{"embeddable":true,"href":"https:\/\/freshgarbage.fi\/en\/wp-json\/wp\/v2\/media\/77957"}],"wp:attachment":[{"href":"https:\/\/freshgarbage.fi\/en\/wp-json\/wp\/v2\/media?parent=78208"}],"wp:term":[{"taxonomy":"product_brand","embeddable":true,"href":"https:\/\/freshgarbage.fi\/en\/wp-json\/wp\/v2\/product_brand?post=78208"},{"taxonomy":"product_cat","embeddable":true,"href":"https:\/\/freshgarbage.fi\/en\/wp-json\/wp\/v2\/product_cat?post=78208"},{"taxonomy":"product_tag","embeddable":true,"href":"https:\/\/freshgarbage.fi\/en\/wp-json\/wp\/v2\/product_tag?post=78208"}],"curies":[{"name":"wp","href":"https:\/\/api.w.org\/{rel}","templated":true}]}}