{"id":78191,"date":"2026-01-29T11:45:21","date_gmt":"2026-01-29T09:45:21","guid":{"rendered":"https:\/\/freshgarbage.fi\/tuote\/deodato-artistry\/"},"modified":"2026-01-29T11:45:21","modified_gmt":"2026-01-29T09:45:21","slug":"deodato-artistry","status":"publish","type":"product","link":"https:\/\/freshgarbage.fi\/en\/product\/deodato-artistry\/","title":{"rendered":"Deodato \u2013 Artistry"},"content":{"rendered":"","protected":false},"excerpt":{"rendered":"<p>Varhainen Saksa-painos.<\/p>\n<p>Kannessa ja etiketiss\u00e4 n\u00e4ytelevy-tarrat. Reilummin kevytt\u00e4 j\u00e4lke\u00e4, paikoitellen kevytt\u00e4 taustarahinaa, p\u00e4\u00e4osin soi hyvin.<\/p>\n","protected":false},"featured_media":77964,"template":"","meta":{"_acf_changed":false},"product_brand":[],"product_cat":[122],"product_tag":[],"class_list":{"0":"post-78191","1":"product","2":"type-product","3":"status-publish","4":"has-post-thumbnail","6":"product_cat-jazz-fusion-en","7":"pa_formaatti-lp-en","8":"pa_kaytetty-uusi-2nd-hand","10":"first","11":"instock","12":"shipping-taxable","13":"purchasable","14":"product-type-simple"},"acf":[],"_links":{"self":[{"href":"https:\/\/freshgarbage.fi\/en\/wp-json\/wp\/v2\/product\/78191","targetHints":{"allow":["GET"]}}],"collection":[{"href":"https:\/\/freshgarbage.fi\/en\/wp-json\/wp\/v2\/product"}],"about":[{"href":"https:\/\/freshgarbage.fi\/en\/wp-json\/wp\/v2\/types\/product"}],"wp:featuredmedia":[{"embeddable":true,"href":"https:\/\/freshgarbage.fi\/en\/wp-json\/wp\/v2\/media\/77964"}],"wp:attachment":[{"href":"https:\/\/freshgarbage.fi\/en\/wp-json\/wp\/v2\/media?parent=78191"}],"wp:term":[{"taxonomy":"product_brand","embeddable":true,"href":"https:\/\/freshgarbage.fi\/en\/wp-json\/wp\/v2\/product_brand?post=78191"},{"taxonomy":"product_cat","embeddable":true,"href":"https:\/\/freshgarbage.fi\/en\/wp-json\/wp\/v2\/product_cat?post=78191"},{"taxonomy":"product_tag","embeddable":true,"href":"https:\/\/freshgarbage.fi\/en\/wp-json\/wp\/v2\/product_tag?post=78191"}],"curies":[{"name":"wp","href":"https:\/\/api.w.org\/{rel}","templated":true}]}}