{"id":78190,"date":"2026-01-29T11:45:22","date_gmt":"2026-01-29T09:45:22","guid":{"rendered":"https:\/\/freshgarbage.fi\/tuote\/lesette-wilson-now-that-ive-got-your-attention\/"},"modified":"2026-01-29T11:45:22","modified_gmt":"2026-01-29T09:45:22","slug":"lesette-wilson-now-that-ive-got-your-attention","status":"publish","type":"product","link":"https:\/\/freshgarbage.fi\/en\/product\/lesette-wilson-now-that-ive-got-your-attention\/","title":{"rendered":"Lesette Wilson \u2013 Now That I&#8217;ve Got Your Attention"},"content":{"rendered":"","protected":false},"excerpt":{"rendered":"<p>Alkuper\u00e4inen USA-painos. Cut-out.<\/p>\n<p>Yl\u00e4saumassa parin sentin seam split ja etukannessa sutattu tarra. Levyss\u00e4 jonkin verran j\u00e4lke\u00e4, hiljaisemmissa kohdissa kevytt\u00e4 taustarahinaa.<\/p>\n","protected":false},"featured_media":77972,"template":"","meta":{"_acf_changed":false},"product_brand":[],"product_cat":[132],"product_tag":[],"class_list":{"0":"post-78190","1":"product","2":"type-product","3":"status-publish","4":"has-post-thumbnail","6":"product_cat-soul-funk-disco-rnb-en","8":"first","9":"instock","10":"shipping-taxable","11":"purchasable","12":"product-type-simple"},"acf":[],"_links":{"self":[{"href":"https:\/\/freshgarbage.fi\/en\/wp-json\/wp\/v2\/product\/78190","targetHints":{"allow":["GET"]}}],"collection":[{"href":"https:\/\/freshgarbage.fi\/en\/wp-json\/wp\/v2\/product"}],"about":[{"href":"https:\/\/freshgarbage.fi\/en\/wp-json\/wp\/v2\/types\/product"}],"wp:featuredmedia":[{"embeddable":true,"href":"https:\/\/freshgarbage.fi\/en\/wp-json\/wp\/v2\/media\/77972"}],"wp:attachment":[{"href":"https:\/\/freshgarbage.fi\/en\/wp-json\/wp\/v2\/media?parent=78190"}],"wp:term":[{"taxonomy":"product_brand","embeddable":true,"href":"https:\/\/freshgarbage.fi\/en\/wp-json\/wp\/v2\/product_brand?post=78190"},{"taxonomy":"product_cat","embeddable":true,"href":"https:\/\/freshgarbage.fi\/en\/wp-json\/wp\/v2\/product_cat?post=78190"},{"taxonomy":"product_tag","embeddable":true,"href":"https:\/\/freshgarbage.fi\/en\/wp-json\/wp\/v2\/product_tag?post=78190"}],"curies":[{"name":"wp","href":"https:\/\/api.w.org\/{rel}","templated":true}]}}