{"id":78184,"date":"2026-02-20T13:50:31","date_gmt":"2026-02-20T11:50:31","guid":{"rendered":"https:\/\/freshgarbage.fi\/tuote\/tiisu-kuuluisat-viimeiset-sanat\/"},"modified":"2026-02-21T09:58:58","modified_gmt":"2026-02-21T07:58:58","slug":"tiisu-kuuluisat-viimeiset-sanat","status":"publish","type":"product","link":"https:\/\/freshgarbage.fi\/en\/product\/tiisu-kuuluisat-viimeiset-sanat\/","title":{"rendered":"Tiisu \u2013 Kuuluisat viimeiset sanat"},"content":{"rendered":"","protected":false},"excerpt":{"rendered":"<p>300 kappaleen rajoitettu tupla-vinyylipainos.<\/p>\n<p>Kuuluisat viimeiset sanat on suoranainen mammuttiteos: 16 kappaletta ja painavaa asiaa, Tiisulle tyypillist\u00e4 keveytt\u00e4 unohtamatta \u2013 lauluja polarisoituneen Suomen h\u00e4mment\u00e4v\u00e4st\u00e4 asemasta ilmastokriisin keskell\u00e4.<\/p>\n<p>\u201dHaluttiin nyt tarjota t\u00e4yslaidallinen uutta Tiisu-musiikkia, ja tuntuu, etteiv\u00e4t levyn tematiikan nyanssit mahdu lyhyemp\u00e4\u00e4n kokonaisuuteen. Ei ole tavatonta, ett\u00e4 b\u00e4ndi julistaa uusimman levyns\u00e4 magnum opukseksi, mutta t\u00e4ll\u00e4 kertaa minusta todella tuntuu silt\u00e4\u201d, yhtyeen laulaja-lauluntekij\u00e4 Henrik Illikainen kommentoi.<\/p>\n<p>Kannen on piirt\u00e4nyt \u00e4\u00e4ni- ja kuvataiteilija Kari Burana, ja sen inspiraationa toimii amerikkalaispoliitikko Jim Inhofen vuoden 2014 lumipallo-tempaus.<\/p>\n<p>\u201dInhofe yritti todistaa ilmastonmuutoksen olevan huuhaata tuomalla pihalla py\u00f6ritt\u00e4m\u00e4ns\u00e4 lumipallon istuntosaliin.<\/p>\n<p>\u201dMinusta t\u00e4ss\u00e4 tempauksessa kiteytyy ihmisten suhtautuminen meit\u00e4 kaikkia uhkaavaan ilmastokriisiin. Olisi ironista, jos t\u00e4llaisen asenneilmapiirin v\u00e4ritt\u00e4m\u00e4t sanat j\u00e4isiv\u00e4t viimeisiksemme \u2013 niiksi kuuluisiksi sellaisiksi\u201d, Illikainen jatkaa.<\/p>\n<p>1. Kuuluisat viimeiset sanat<br \/>\n2. Eik\u00f6 mit\u00e4\u00e4n sanoa saa<br \/>\n3. Kurkkuihin kiinni<br \/>\n4. Kermapersekansa<br \/>\n5. Kasvissoppa feat. Liisa Akimof<br \/>\n6. Ket\u00e4 varten?<br \/>\n7. Sukutila<br \/>\n8. Kannan korteni kekoon<br \/>\n9. Nelj\u00e4 vuotta<br \/>\n10. Pelon kapina feat. Vimma<br \/>\n11. Kuilu<br \/>\n12. Tanssitaan viel\u00e4, kun voin sinut vied\u00e4 tanssimaan<br \/>\n13. Raakut<br \/>\n14. Huono tulevaisuus hyviss\u00e4 k\u00e4siss\u00e4<br \/>\n15. L\u00e4pyst\u00e4\u00e4 vaihtoo<br \/>\n16. Vaikee voittaa (jollei viitsi koittaa)<\/p>\n","protected":false},"featured_media":78044,"template":"","meta":{"_acf_changed":false},"product_brand":[],"product_cat":[120,107],"product_tag":[],"class_list":{"0":"post-78184","1":"product","2":"type-product","3":"status-publish","4":"has-post-thumbnail","6":"product_cat-finnish","7":"product_cat-new","8":"pa_formaatti-lp-en","9":"pa_kaytetty-uusi-new","11":"first","12":"instock","13":"taxable","14":"shipping-taxable","15":"purchasable","16":"product-type-simple"},"acf":[],"_links":{"self":[{"href":"https:\/\/freshgarbage.fi\/en\/wp-json\/wp\/v2\/product\/78184","targetHints":{"allow":["GET"]}}],"collection":[{"href":"https:\/\/freshgarbage.fi\/en\/wp-json\/wp\/v2\/product"}],"about":[{"href":"https:\/\/freshgarbage.fi\/en\/wp-json\/wp\/v2\/types\/product"}],"wp:featuredmedia":[{"embeddable":true,"href":"https:\/\/freshgarbage.fi\/en\/wp-json\/wp\/v2\/media\/78044"}],"wp:attachment":[{"href":"https:\/\/freshgarbage.fi\/en\/wp-json\/wp\/v2\/media?parent=78184"}],"wp:term":[{"taxonomy":"product_brand","embeddable":true,"href":"https:\/\/freshgarbage.fi\/en\/wp-json\/wp\/v2\/product_brand?post=78184"},{"taxonomy":"product_cat","embeddable":true,"href":"https:\/\/freshgarbage.fi\/en\/wp-json\/wp\/v2\/product_cat?post=78184"},{"taxonomy":"product_tag","embeddable":true,"href":"https:\/\/freshgarbage.fi\/en\/wp-json\/wp\/v2\/product_tag?post=78184"}],"curies":[{"name":"wp","href":"https:\/\/api.w.org\/{rel}","templated":true}]}}