{"id":76904,"date":"2023-12-09T12:12:39","date_gmt":"2023-12-09T10:12:39","guid":{"rendered":"https:\/\/freshgarbage.fi\/tuote\/roxy-music-king-biscuit-flower-hour-transcription\/"},"modified":"2023-12-09T12:12:39","modified_gmt":"2023-12-09T10:12:39","slug":"roxy-music-king-biscuit-flower-hour-transcription","status":"publish","type":"product","link":"https:\/\/freshgarbage.fi\/en\/product\/roxy-music-king-biscuit-flower-hour-transcription\/","title":{"rendered":"Roxy Music \u2013 King Biscuit Flower Hour (Transcription)"},"content":{"rendered":"","protected":false},"excerpt":{"rendered":"<ul>\n<li>Radiok\u00e4ytt\u00f6\u00f6n (ns. transcription-levy) painettu kolmepuolinen live<\/li>\n<li>Mukana kaksi A4-kokoista sis\u00e4lt\u00f6liitett\u00e4. Geneerisess\u00e4 kansipahvissa alasaumassa seam-split<\/li>\n<li>Air Date: August 14, 1983<\/li>\n<li>Recorded at Ar\u00e8nes de Fr\u00e9jus, Fr\u00e9jus, France, 27 August 1982<\/li>\n<\/ul>\n","protected":false},"featured_media":6963,"template":"","meta":{"_acf_changed":false},"product_brand":[],"product_cat":[116],"product_tag":[],"class_list":{"0":"post-76904","1":"product","2":"type-product","3":"status-publish","4":"has-post-thumbnail","6":"product_cat-rock-pop-en","7":"pa_formaatti-lp-en","8":"pa_kaytetty-uusi-2nd-hand","10":"first","11":"instock","12":"shipping-taxable","13":"purchasable","14":"product-type-simple"},"acf":[],"_links":{"self":[{"href":"https:\/\/freshgarbage.fi\/en\/wp-json\/wp\/v2\/product\/76904","targetHints":{"allow":["GET"]}}],"collection":[{"href":"https:\/\/freshgarbage.fi\/en\/wp-json\/wp\/v2\/product"}],"about":[{"href":"https:\/\/freshgarbage.fi\/en\/wp-json\/wp\/v2\/types\/product"}],"wp:featuredmedia":[{"embeddable":true,"href":"https:\/\/freshgarbage.fi\/en\/wp-json\/wp\/v2\/media\/6963"}],"wp:attachment":[{"href":"https:\/\/freshgarbage.fi\/en\/wp-json\/wp\/v2\/media?parent=76904"}],"wp:term":[{"taxonomy":"product_brand","embeddable":true,"href":"https:\/\/freshgarbage.fi\/en\/wp-json\/wp\/v2\/product_brand?post=76904"},{"taxonomy":"product_cat","embeddable":true,"href":"https:\/\/freshgarbage.fi\/en\/wp-json\/wp\/v2\/product_cat?post=76904"},{"taxonomy":"product_tag","embeddable":true,"href":"https:\/\/freshgarbage.fi\/en\/wp-json\/wp\/v2\/product_tag?post=76904"}],"curies":[{"name":"wp","href":"https:\/\/api.w.org\/{rel}","templated":true}]}}