{"id":76804,"date":"2023-12-22T11:30:25","date_gmt":"2023-12-22T09:30:25","guid":{"rendered":"https:\/\/freshgarbage.fi\/tuote\/the-sultans-full-frontal-live\/"},"modified":"2023-12-22T11:30:25","modified_gmt":"2023-12-22T09:30:25","slug":"the-sultans-full-frontal-live","status":"publish","type":"product","link":"https:\/\/freshgarbage.fi\/en\/product\/the-sultans-full-frontal-live\/","title":{"rendered":"The Sultans \u2013 Full Frontal Live"},"content":{"rendered":"","protected":false},"excerpt":{"rendered":"<ul>\n<li>Numeroitu 25\/100<\/li>\n<li>Kannet k\u00e4sinmaalattu yksil\u00f6llisesti kierr\u00e4tyskansien p\u00e4\u00e4lle<\/li>\n<\/ul>\n","protected":false},"featured_media":7991,"template":"","meta":{"_acf_changed":false},"product_brand":[],"product_cat":[120],"product_tag":[],"class_list":{"0":"post-76804","1":"product","2":"type-product","3":"status-publish","4":"has-post-thumbnail","6":"product_cat-finnish","7":"pa_formaatti-lp-en","8":"pa_kaytetty-uusi-2nd-hand","10":"first","11":"instock","12":"shipping-taxable","13":"purchasable","14":"product-type-simple"},"acf":[],"_links":{"self":[{"href":"https:\/\/freshgarbage.fi\/en\/wp-json\/wp\/v2\/product\/76804","targetHints":{"allow":["GET"]}}],"collection":[{"href":"https:\/\/freshgarbage.fi\/en\/wp-json\/wp\/v2\/product"}],"about":[{"href":"https:\/\/freshgarbage.fi\/en\/wp-json\/wp\/v2\/types\/product"}],"wp:featuredmedia":[{"embeddable":true,"href":"https:\/\/freshgarbage.fi\/en\/wp-json\/wp\/v2\/media\/7991"}],"wp:attachment":[{"href":"https:\/\/freshgarbage.fi\/en\/wp-json\/wp\/v2\/media?parent=76804"}],"wp:term":[{"taxonomy":"product_brand","embeddable":true,"href":"https:\/\/freshgarbage.fi\/en\/wp-json\/wp\/v2\/product_brand?post=76804"},{"taxonomy":"product_cat","embeddable":true,"href":"https:\/\/freshgarbage.fi\/en\/wp-json\/wp\/v2\/product_cat?post=76804"},{"taxonomy":"product_tag","embeddable":true,"href":"https:\/\/freshgarbage.fi\/en\/wp-json\/wp\/v2\/product_tag?post=76804"}],"curies":[{"name":"wp","href":"https:\/\/api.w.org\/{rel}","templated":true}]}}