{"id":76753,"date":"2024-01-02T11:59:05","date_gmt":"2024-01-02T09:59:05","guid":{"rendered":"https:\/\/freshgarbage.fi\/tuote\/d-and-v-snare-ep\/"},"modified":"2024-01-02T11:59:05","modified_gmt":"2024-01-02T09:59:05","slug":"d-and-v-snare-ep","status":"publish","type":"product","link":"https:\/\/freshgarbage.fi\/en\/product\/d-and-v-snare-ep\/","title":{"rendered":"D. And V. \u2013 Snare EP"},"content":{"rendered":"","protected":false},"excerpt":{"rendered":"<p>Levyss\u00e4 jonkin verran pintaj\u00e4lke\u00e4, mutta soi upeasti. Kannessa seam split sek\u00e4 p\u00e4\u00e4ty- ett\u00e4 yl\u00e4saumassa.<\/p>\n","protected":false},"featured_media":8405,"template":"","meta":{"_acf_changed":false},"product_brand":[],"product_cat":[117],"product_tag":[],"class_list":{"0":"post-76753","1":"product","2":"type-product","3":"status-publish","4":"has-post-thumbnail","6":"product_cat-new-wave-goth-rock-synth-pop-post-punk-en","7":"pa_formaatti-12-en","8":"pa_kaytetty-uusi-2nd-hand","10":"first","11":"instock","12":"shipping-taxable","13":"purchasable","14":"product-type-simple"},"acf":[],"_links":{"self":[{"href":"https:\/\/freshgarbage.fi\/en\/wp-json\/wp\/v2\/product\/76753","targetHints":{"allow":["GET"]}}],"collection":[{"href":"https:\/\/freshgarbage.fi\/en\/wp-json\/wp\/v2\/product"}],"about":[{"href":"https:\/\/freshgarbage.fi\/en\/wp-json\/wp\/v2\/types\/product"}],"wp:featuredmedia":[{"embeddable":true,"href":"https:\/\/freshgarbage.fi\/en\/wp-json\/wp\/v2\/media\/8405"}],"wp:attachment":[{"href":"https:\/\/freshgarbage.fi\/en\/wp-json\/wp\/v2\/media?parent=76753"}],"wp:term":[{"taxonomy":"product_brand","embeddable":true,"href":"https:\/\/freshgarbage.fi\/en\/wp-json\/wp\/v2\/product_brand?post=76753"},{"taxonomy":"product_cat","embeddable":true,"href":"https:\/\/freshgarbage.fi\/en\/wp-json\/wp\/v2\/product_cat?post=76753"},{"taxonomy":"product_tag","embeddable":true,"href":"https:\/\/freshgarbage.fi\/en\/wp-json\/wp\/v2\/product_tag?post=76753"}],"curies":[{"name":"wp","href":"https:\/\/api.w.org\/{rel}","templated":true}]}}