{"id":76671,"date":"2025-06-12T11:45:09","date_gmt":"2025-06-12T08:45:09","guid":{"rendered":"https:\/\/freshgarbage.fi\/tuote\/yellow-keltakuume-2\/"},"modified":"2025-06-12T11:45:09","modified_gmt":"2025-06-12T08:45:09","slug":"yellow-keltakuume-2","status":"publish","type":"product","link":"https:\/\/freshgarbage.fi\/en\/product\/yellow-keltakuume-2\/","title":{"rendered":"Yellow \u2013 Keltakuume"},"content":{"rendered":"","protected":false},"excerpt":{"rendered":"<p>Alkuper\u00e4inen Suomi-painos.<\/p>\n<p>Levyss\u00e4 on reippaasti j\u00e4lke\u00e4, mutta soi erinomaisesti joitakin yksitt\u00e4isi\u00e4 kevyit\u00e4 napsuja lukuun ottamatta. Kansissa kulumaa, v\u00e4rj\u00e4\u00e4ntymist\u00e4, kevytt\u00e4 taitosta sek\u00e4 pienet repe\u00e4m\u00e4t suuaukossa molemmilla puolilla.<\/p>\n","protected":false},"featured_media":35828,"template":"","meta":{"_acf_changed":false},"product_brand":[],"product_cat":[120],"product_tag":[],"class_list":{"0":"post-76671","1":"product","2":"type-product","3":"status-publish","4":"has-post-thumbnail","6":"product_cat-finnish","7":"pa_formaatti-lp-en","8":"pa_kaytetty-uusi-2nd-hand","10":"first","11":"instock","12":"shipping-taxable","13":"purchasable","14":"product-type-simple"},"acf":[],"_links":{"self":[{"href":"https:\/\/freshgarbage.fi\/en\/wp-json\/wp\/v2\/product\/76671","targetHints":{"allow":["GET"]}}],"collection":[{"href":"https:\/\/freshgarbage.fi\/en\/wp-json\/wp\/v2\/product"}],"about":[{"href":"https:\/\/freshgarbage.fi\/en\/wp-json\/wp\/v2\/types\/product"}],"wp:featuredmedia":[{"embeddable":true,"href":"https:\/\/freshgarbage.fi\/en\/wp-json\/wp\/v2\/media\/35828"}],"wp:attachment":[{"href":"https:\/\/freshgarbage.fi\/en\/wp-json\/wp\/v2\/media?parent=76671"}],"wp:term":[{"taxonomy":"product_brand","embeddable":true,"href":"https:\/\/freshgarbage.fi\/en\/wp-json\/wp\/v2\/product_brand?post=76671"},{"taxonomy":"product_cat","embeddable":true,"href":"https:\/\/freshgarbage.fi\/en\/wp-json\/wp\/v2\/product_cat?post=76671"},{"taxonomy":"product_tag","embeddable":true,"href":"https:\/\/freshgarbage.fi\/en\/wp-json\/wp\/v2\/product_tag?post=76671"}],"curies":[{"name":"wp","href":"https:\/\/api.w.org\/{rel}","templated":true}]}}