{"id":76640,"date":"2025-06-18T12:11:38","date_gmt":"2025-06-18T09:11:38","guid":{"rendered":"https:\/\/freshgarbage.fi\/tuote\/topmost-collection\/"},"modified":"2025-06-18T12:11:38","modified_gmt":"2025-06-18T09:11:38","slug":"topmost-collection","status":"publish","type":"product","link":"https:\/\/freshgarbage.fi\/en\/product\/topmost-collection\/","title":{"rendered":"Topmost \u2013 Collection"},"content":{"rendered":"","protected":false},"excerpt":{"rendered":"<p>A1 H\u00e4n Sinut J\u00e4tt\u00e4\u00e4 (There&#8217;s Two Kind Of Lovers) 2:13<br \/>\nA2 N\u00e4en Mustaa Vain (Black Is Black) 2:56<br \/>\nA3 I Put A Spell On You 2:40<br \/>\nA4 I&#8217;ll Go Crazy 2:10<br \/>\nA5 There&#8217;s No Action At The Stump Offices 2:00<br \/>\nA6 I Can&#8217;t Let Go 2:30<br \/>\nA7 I Can&#8217;t Believe It 3:30<br \/>\nA8 Candy Girl 2:01<br \/>\nA9 Alone And Forsaken 3:22<br \/>\nB1 U.F.O. 2:52<br \/>\nB2 Merisairaat Kasvot (A Whiter Shade Of Pale) 3:37<br \/>\nB3 Meni Remonttiin (Mr. Lovin Luggage Man) 2:33<br \/>\nB4 I Believe To My Soul 3:35<br \/>\nB5 Longin For June 2:40<br \/>\nB6 Bright Lights Big City 2:55<br \/>\nB7 Like A Baby 2:05<br \/>\nB8 Hold On I&#8217;m Coming 3:08<br \/>\nB9 The &#8216;In &#8216;Crowd 2:56<br \/>\nB10 You Still Believe In Me 3:25<\/p>\n","protected":false},"featured_media":36057,"template":"","meta":{"_acf_changed":false},"product_brand":[],"product_cat":[120],"product_tag":[],"class_list":{"0":"post-76640","1":"product","2":"type-product","3":"status-publish","4":"has-post-thumbnail","6":"product_cat-finnish","7":"pa_formaatti-lp-en","8":"pa_kaytetty-uusi-2nd-hand","10":"first","11":"instock","12":"shipping-taxable","13":"purchasable","14":"product-type-simple"},"acf":[],"_links":{"self":[{"href":"https:\/\/freshgarbage.fi\/en\/wp-json\/wp\/v2\/product\/76640","targetHints":{"allow":["GET"]}}],"collection":[{"href":"https:\/\/freshgarbage.fi\/en\/wp-json\/wp\/v2\/product"}],"about":[{"href":"https:\/\/freshgarbage.fi\/en\/wp-json\/wp\/v2\/types\/product"}],"wp:featuredmedia":[{"embeddable":true,"href":"https:\/\/freshgarbage.fi\/en\/wp-json\/wp\/v2\/media\/36057"}],"wp:attachment":[{"href":"https:\/\/freshgarbage.fi\/en\/wp-json\/wp\/v2\/media?parent=76640"}],"wp:term":[{"taxonomy":"product_brand","embeddable":true,"href":"https:\/\/freshgarbage.fi\/en\/wp-json\/wp\/v2\/product_brand?post=76640"},{"taxonomy":"product_cat","embeddable":true,"href":"https:\/\/freshgarbage.fi\/en\/wp-json\/wp\/v2\/product_cat?post=76640"},{"taxonomy":"product_tag","embeddable":true,"href":"https:\/\/freshgarbage.fi\/en\/wp-json\/wp\/v2\/product_tag?post=76640"}],"curies":[{"name":"wp","href":"https:\/\/api.w.org\/{rel}","templated":true}]}}