{"id":76562,"date":"2024-01-10T13:59:13","date_gmt":"2024-01-10T11:59:13","guid":{"rendered":"https:\/\/freshgarbage.fi\/tuote\/third-world-sense-of-purpose\/"},"modified":"2024-01-10T13:59:13","modified_gmt":"2024-01-10T11:59:13","slug":"third-world-sense-of-purpose","status":"publish","type":"product","link":"https:\/\/freshgarbage.fi\/en\/product\/third-world-sense-of-purpose\/","title":{"rendered":"Third World \u2013 Sense Of Purpose"},"content":{"rendered":"","protected":false},"excerpt":{"rendered":"<p>V\u00e4h\u00e4n reilummin kevytt\u00e4 sis\u00e4pussij\u00e4lke\u00e4<\/p>\n","protected":false},"featured_media":9122,"template":"","meta":{"_acf_changed":false},"product_brand":[],"product_cat":[115],"product_tag":[],"class_list":{"0":"post-76562","1":"product","2":"type-product","3":"status-publish","4":"has-post-thumbnail","6":"product_cat-reggae-dub-dancehall-ska-en","7":"pa_formaatti-lp-en","8":"pa_kaytetty-uusi-2nd-hand","10":"first","11":"instock","12":"shipping-taxable","13":"purchasable","14":"product-type-simple"},"acf":[],"_links":{"self":[{"href":"https:\/\/freshgarbage.fi\/en\/wp-json\/wp\/v2\/product\/76562","targetHints":{"allow":["GET"]}}],"collection":[{"href":"https:\/\/freshgarbage.fi\/en\/wp-json\/wp\/v2\/product"}],"about":[{"href":"https:\/\/freshgarbage.fi\/en\/wp-json\/wp\/v2\/types\/product"}],"wp:featuredmedia":[{"embeddable":true,"href":"https:\/\/freshgarbage.fi\/en\/wp-json\/wp\/v2\/media\/9122"}],"wp:attachment":[{"href":"https:\/\/freshgarbage.fi\/en\/wp-json\/wp\/v2\/media?parent=76562"}],"wp:term":[{"taxonomy":"product_brand","embeddable":true,"href":"https:\/\/freshgarbage.fi\/en\/wp-json\/wp\/v2\/product_brand?post=76562"},{"taxonomy":"product_cat","embeddable":true,"href":"https:\/\/freshgarbage.fi\/en\/wp-json\/wp\/v2\/product_cat?post=76562"},{"taxonomy":"product_tag","embeddable":true,"href":"https:\/\/freshgarbage.fi\/en\/wp-json\/wp\/v2\/product_tag?post=76562"}],"curies":[{"name":"wp","href":"https:\/\/api.w.org\/{rel}","templated":true}]}}