{"id":76470,"date":"2024-01-17T11:40:28","date_gmt":"2024-01-17T09:40:28","guid":{"rendered":"https:\/\/freshgarbage.fi\/tuote\/christopher-neil-where-i-belong\/"},"modified":"2024-01-17T11:40:28","modified_gmt":"2024-01-17T09:40:28","slug":"christopher-neil-where-i-belong","status":"publish","type":"product","link":"https:\/\/freshgarbage.fi\/en\/product\/christopher-neil-where-i-belong\/","title":{"rendered":"Christopher Neil \u2013 Where I Belong"},"content":{"rendered":"","protected":false},"excerpt":{"rendered":"<p>Takakannessa pari pintarepe\u00e4m\u00e4\u00e4 ja muutama viiva v\u00e4rikyn\u00e4ll\u00e4.<\/p>\n","protected":false},"featured_media":9726,"template":"","meta":{"_acf_changed":false},"product_brand":[],"product_cat":[116],"product_tag":[],"class_list":{"0":"post-76470","1":"product","2":"type-product","3":"status-publish","4":"has-post-thumbnail","6":"product_cat-rock-pop-en","7":"pa_formaatti-lp-en","8":"pa_kaytetty-uusi-2nd-hand","10":"first","11":"instock","12":"shipping-taxable","13":"purchasable","14":"product-type-simple"},"acf":[],"_links":{"self":[{"href":"https:\/\/freshgarbage.fi\/en\/wp-json\/wp\/v2\/product\/76470","targetHints":{"allow":["GET"]}}],"collection":[{"href":"https:\/\/freshgarbage.fi\/en\/wp-json\/wp\/v2\/product"}],"about":[{"href":"https:\/\/freshgarbage.fi\/en\/wp-json\/wp\/v2\/types\/product"}],"wp:featuredmedia":[{"embeddable":true,"href":"https:\/\/freshgarbage.fi\/en\/wp-json\/wp\/v2\/media\/9726"}],"wp:attachment":[{"href":"https:\/\/freshgarbage.fi\/en\/wp-json\/wp\/v2\/media?parent=76470"}],"wp:term":[{"taxonomy":"product_brand","embeddable":true,"href":"https:\/\/freshgarbage.fi\/en\/wp-json\/wp\/v2\/product_brand?post=76470"},{"taxonomy":"product_cat","embeddable":true,"href":"https:\/\/freshgarbage.fi\/en\/wp-json\/wp\/v2\/product_cat?post=76470"},{"taxonomy":"product_tag","embeddable":true,"href":"https:\/\/freshgarbage.fi\/en\/wp-json\/wp\/v2\/product_tag?post=76470"}],"curies":[{"name":"wp","href":"https:\/\/api.w.org\/{rel}","templated":true}]}}