{"id":76211,"date":"2024-02-09T12:15:30","date_gmt":"2024-02-09T10:15:30","guid":{"rendered":"https:\/\/freshgarbage.fi\/tuote\/hot-r-s-house-of-the-rising-sun\/"},"modified":"2024-02-09T12:15:30","modified_gmt":"2024-02-09T10:15:30","slug":"hot-r-s-house-of-the-rising-sun","status":"publish","type":"product","link":"https:\/\/freshgarbage.fi\/en\/product\/hot-r-s-house-of-the-rising-sun\/","title":{"rendered":"HOT R.S. \u2013 House Of The Rising Sun"},"content":{"rendered":"","protected":false},"excerpt":{"rendered":"<p>Levyss\u00e4 kevytt\u00e4 pintaj\u00e4lke\u00e4, mutta soi erinomaisesti. Kannessa yleist\u00e4 kulumaa ja takakannessa nimi kuulak\u00e4rkikyn\u00e4ll\u00e4.<\/p>\n","protected":false},"featured_media":11407,"template":"","meta":{"_acf_changed":false},"product_brand":[],"product_cat":[132],"product_tag":[],"class_list":{"0":"post-76211","1":"product","2":"type-product","3":"status-publish","4":"has-post-thumbnail","6":"product_cat-soul-funk-disco-rnb-en","7":"pa_formaatti-lp-en","8":"pa_kaytetty-uusi-2nd-hand","10":"first","11":"instock","12":"shipping-taxable","13":"purchasable","14":"product-type-simple"},"acf":[],"_links":{"self":[{"href":"https:\/\/freshgarbage.fi\/en\/wp-json\/wp\/v2\/product\/76211","targetHints":{"allow":["GET"]}}],"collection":[{"href":"https:\/\/freshgarbage.fi\/en\/wp-json\/wp\/v2\/product"}],"about":[{"href":"https:\/\/freshgarbage.fi\/en\/wp-json\/wp\/v2\/types\/product"}],"wp:featuredmedia":[{"embeddable":true,"href":"https:\/\/freshgarbage.fi\/en\/wp-json\/wp\/v2\/media\/11407"}],"wp:attachment":[{"href":"https:\/\/freshgarbage.fi\/en\/wp-json\/wp\/v2\/media?parent=76211"}],"wp:term":[{"taxonomy":"product_brand","embeddable":true,"href":"https:\/\/freshgarbage.fi\/en\/wp-json\/wp\/v2\/product_brand?post=76211"},{"taxonomy":"product_cat","embeddable":true,"href":"https:\/\/freshgarbage.fi\/en\/wp-json\/wp\/v2\/product_cat?post=76211"},{"taxonomy":"product_tag","embeddable":true,"href":"https:\/\/freshgarbage.fi\/en\/wp-json\/wp\/v2\/product_tag?post=76211"}],"curies":[{"name":"wp","href":"https:\/\/api.w.org\/{rel}","templated":true}]}}