{"id":75999,"date":"2024-03-18T12:20:51","date_gmt":"2024-03-18T10:20:51","guid":{"rendered":"https:\/\/freshgarbage.fi\/tuote\/kalevala-orchestra-abrahams-blue-refrain\/"},"modified":"2024-03-18T12:20:51","modified_gmt":"2024-03-18T10:20:51","slug":"kalevala-orchestra-abrahams-blue-refrain","status":"publish","type":"product","link":"https:\/\/freshgarbage.fi\/en\/product\/kalevala-orchestra-abrahams-blue-refrain\/","title":{"rendered":"Kalevala Orchestra \u2013 Abraham&#8217;s Blue Refrain"},"content":{"rendered":"","protected":false},"excerpt":{"rendered":"<p>Kannen suuaukon molemmin puolin ollut sinettitarra, joista etukannen tarra l\u00e4htenyt irti, mutta j\u00e4tt\u00e4nyt hieman liimapintaa kanteen. Lis\u00e4ksi yleist\u00e4 kulumaa ja hieman ringwearia. T\u00e4ysin ehj\u00e4t kuitenkin.<\/p>\n","protected":false},"featured_media":13204,"template":"","meta":{"_acf_changed":false},"product_brand":[],"product_cat":[120,113],"product_tag":[],"class_list":{"0":"post-75999","1":"product","2":"type-product","3":"status-publish","4":"has-post-thumbnail","6":"product_cat-finnish","7":"product_cat-progressive-rock-krautrock-en","8":"pa_formaatti-lp-en","9":"pa_kaytetty-uusi-2nd-hand","11":"first","12":"instock","13":"shipping-taxable","14":"purchasable","15":"product-type-simple"},"acf":[],"_links":{"self":[{"href":"https:\/\/freshgarbage.fi\/en\/wp-json\/wp\/v2\/product\/75999","targetHints":{"allow":["GET"]}}],"collection":[{"href":"https:\/\/freshgarbage.fi\/en\/wp-json\/wp\/v2\/product"}],"about":[{"href":"https:\/\/freshgarbage.fi\/en\/wp-json\/wp\/v2\/types\/product"}],"wp:featuredmedia":[{"embeddable":true,"href":"https:\/\/freshgarbage.fi\/en\/wp-json\/wp\/v2\/media\/13204"}],"wp:attachment":[{"href":"https:\/\/freshgarbage.fi\/en\/wp-json\/wp\/v2\/media?parent=75999"}],"wp:term":[{"taxonomy":"product_brand","embeddable":true,"href":"https:\/\/freshgarbage.fi\/en\/wp-json\/wp\/v2\/product_brand?post=75999"},{"taxonomy":"product_cat","embeddable":true,"href":"https:\/\/freshgarbage.fi\/en\/wp-json\/wp\/v2\/product_cat?post=75999"},{"taxonomy":"product_tag","embeddable":true,"href":"https:\/\/freshgarbage.fi\/en\/wp-json\/wp\/v2\/product_tag?post=75999"}],"curies":[{"name":"wp","href":"https:\/\/api.w.org\/{rel}","templated":true}]}}