{"id":75983,"date":"2024-03-20T12:59:16","date_gmt":"2024-03-20T10:59:16","guid":{"rendered":"https:\/\/freshgarbage.fi\/tuote\/jimmy-mccracklin-my-rockin-soul\/"},"modified":"2024-03-20T12:59:16","modified_gmt":"2024-03-20T10:59:16","slug":"jimmy-mccracklin-my-rockin-soul","status":"publish","type":"product","link":"https:\/\/freshgarbage.fi\/en\/product\/jimmy-mccracklin-my-rockin-soul\/","title":{"rendered":"Jimmy McCracklin \u2013 My Rockin&#8217; Soul"},"content":{"rendered":"","protected":false},"excerpt":{"rendered":"<p>Kannen p\u00e4\u00e4tysauma on haljennut noin viisi sentti\u00e4 hapertumisen my\u00f6t\u00e4 (niin kuin monesti t\u00e4m\u00e4n ajan jenkkipainosten kannet ovat).<\/p>\n","protected":false},"featured_media":13439,"template":"","meta":{"_acf_changed":false},"product_brand":[],"product_cat":[132],"product_tag":[],"class_list":{"0":"post-75983","1":"product","2":"type-product","3":"status-publish","4":"has-post-thumbnail","6":"product_cat-soul-funk-disco-rnb-en","7":"pa_formaatti-lp-en","8":"pa_kaytetty-uusi-2nd-hand","10":"first","11":"instock","12":"shipping-taxable","13":"purchasable","14":"product-type-simple"},"acf":[],"_links":{"self":[{"href":"https:\/\/freshgarbage.fi\/en\/wp-json\/wp\/v2\/product\/75983","targetHints":{"allow":["GET"]}}],"collection":[{"href":"https:\/\/freshgarbage.fi\/en\/wp-json\/wp\/v2\/product"}],"about":[{"href":"https:\/\/freshgarbage.fi\/en\/wp-json\/wp\/v2\/types\/product"}],"wp:featuredmedia":[{"embeddable":true,"href":"https:\/\/freshgarbage.fi\/en\/wp-json\/wp\/v2\/media\/13439"}],"wp:attachment":[{"href":"https:\/\/freshgarbage.fi\/en\/wp-json\/wp\/v2\/media?parent=75983"}],"wp:term":[{"taxonomy":"product_brand","embeddable":true,"href":"https:\/\/freshgarbage.fi\/en\/wp-json\/wp\/v2\/product_brand?post=75983"},{"taxonomy":"product_cat","embeddable":true,"href":"https:\/\/freshgarbage.fi\/en\/wp-json\/wp\/v2\/product_cat?post=75983"},{"taxonomy":"product_tag","embeddable":true,"href":"https:\/\/freshgarbage.fi\/en\/wp-json\/wp\/v2\/product_tag?post=75983"}],"curies":[{"name":"wp","href":"https:\/\/api.w.org\/{rel}","templated":true}]}}