{"id":75782,"date":"2024-04-16T11:40:46","date_gmt":"2024-04-16T08:40:46","guid":{"rendered":"https:\/\/freshgarbage.fi\/tuote\/rick-price-talking-to-the-flowers\/"},"modified":"2024-04-16T11:40:46","modified_gmt":"2024-04-16T08:40:46","slug":"rick-price-talking-to-the-flowers","status":"publish","type":"product","link":"https:\/\/freshgarbage.fi\/en\/product\/rick-price-talking-to-the-flowers\/","title":{"rendered":"Rick Price \u2013 Talking To The Flowers"},"content":{"rendered":"","protected":false},"excerpt":{"rendered":"<ul>\n<li>A-puolen kahdella viimeisell\u00e4 raidalla hankaumaj\u00e4lke\u00e4, josta jokunen kevyt &#8220;tst&#8221; \u00e4\u00e4ni.<\/li>\n<li>Move -yhtyeen basisti<\/li>\n<li>Kannessa hieman aaltoilua, ehk\u00e4 kostunut joskus. Yhdess\u00e4 kulmassa taitosta.<\/li>\n<\/ul>\n","protected":false},"featured_media":15247,"template":"","meta":{"_acf_changed":false},"product_brand":[],"product_cat":[116],"product_tag":[],"class_list":{"0":"post-75782","1":"product","2":"type-product","3":"status-publish","4":"has-post-thumbnail","6":"product_cat-rock-pop-en","7":"pa_formaatti-lp-en","8":"pa_kaytetty-uusi-2nd-hand","10":"first","11":"instock","12":"shipping-taxable","13":"purchasable","14":"product-type-simple"},"acf":[],"_links":{"self":[{"href":"https:\/\/freshgarbage.fi\/en\/wp-json\/wp\/v2\/product\/75782","targetHints":{"allow":["GET"]}}],"collection":[{"href":"https:\/\/freshgarbage.fi\/en\/wp-json\/wp\/v2\/product"}],"about":[{"href":"https:\/\/freshgarbage.fi\/en\/wp-json\/wp\/v2\/types\/product"}],"wp:featuredmedia":[{"embeddable":true,"href":"https:\/\/freshgarbage.fi\/en\/wp-json\/wp\/v2\/media\/15247"}],"wp:attachment":[{"href":"https:\/\/freshgarbage.fi\/en\/wp-json\/wp\/v2\/media?parent=75782"}],"wp:term":[{"taxonomy":"product_brand","embeddable":true,"href":"https:\/\/freshgarbage.fi\/en\/wp-json\/wp\/v2\/product_brand?post=75782"},{"taxonomy":"product_cat","embeddable":true,"href":"https:\/\/freshgarbage.fi\/en\/wp-json\/wp\/v2\/product_cat?post=75782"},{"taxonomy":"product_tag","embeddable":true,"href":"https:\/\/freshgarbage.fi\/en\/wp-json\/wp\/v2\/product_tag?post=75782"}],"curies":[{"name":"wp","href":"https:\/\/api.w.org\/{rel}","templated":true}]}}