{"id":75610,"date":"2024-04-30T17:22:35","date_gmt":"2024-04-30T14:22:35","guid":{"rendered":"https:\/\/freshgarbage.fi\/tuote\/aqua-wreck-facade\/"},"modified":"2024-04-30T17:22:35","modified_gmt":"2024-04-30T14:22:35","slug":"aqua-wreck-facade","status":"publish","type":"product","link":"https:\/\/freshgarbage.fi\/en\/product\/aqua-wreck-facade\/","title":{"rendered":"Aqua-Wreck \u2013 Facade"},"content":{"rendered":"","protected":false},"excerpt":{"rendered":"<p>Aqua-Wreck on vuonna 2010 Raumalla perustettu, nyky\u00e4\u00e4n Helsingist\u00e4 k\u00e4sin operoiva rockyhtye. Sen musiikissa 70-luvun taiteellisesti kunnianhimoisen rockin perinteet saavat p\u00e4\u00e4llens\u00e4 kerroksia muun muassa funkista, jazzista ja pelimusiikista. Inspiraationsa Aqua-Wreck l\u00f6yt\u00e4\u00e4 milloin ihmismielen oikullisuudesta, milloin kuumeisista unista.<\/p>\n<p>Aqua-Wreckin muodostavat Totti \u201cTE Kaarle\u201d Kaarle (laulu, trumpetti, perkussiot), my\u00f6s Maladyss\u00e4 vaikuttava Taavi Heikkil\u00e4 (saksofonit, klarinetti, koskettimet), Lauripekka Muurinen (kitarat), Kalle Korkeam\u00e4ki (basso, perkussiot) ja Aqua-Wreckin lis\u00e4ksi my\u00f6s mm. Mama Longhornissa soittava Tatu Tyykil\u00e4 (rummut, perkussiot).<\/p>\n","protected":false},"featured_media":15932,"template":"","meta":{"_acf_changed":false},"product_brand":[],"product_cat":[120,107,113],"product_tag":[],"class_list":{"0":"post-75610","1":"product","2":"type-product","3":"status-publish","4":"has-post-thumbnail","6":"product_cat-finnish","7":"product_cat-new","8":"product_cat-progressive-rock-krautrock-en","9":"pa_formaatti-lp-en","10":"pa_kaytetty-uusi-new","12":"first","13":"instock","14":"taxable","15":"shipping-taxable","16":"purchasable","17":"product-type-simple"},"acf":[],"_links":{"self":[{"href":"https:\/\/freshgarbage.fi\/en\/wp-json\/wp\/v2\/product\/75610","targetHints":{"allow":["GET"]}}],"collection":[{"href":"https:\/\/freshgarbage.fi\/en\/wp-json\/wp\/v2\/product"}],"about":[{"href":"https:\/\/freshgarbage.fi\/en\/wp-json\/wp\/v2\/types\/product"}],"wp:featuredmedia":[{"embeddable":true,"href":"https:\/\/freshgarbage.fi\/en\/wp-json\/wp\/v2\/media\/15932"}],"wp:attachment":[{"href":"https:\/\/freshgarbage.fi\/en\/wp-json\/wp\/v2\/media?parent=75610"}],"wp:term":[{"taxonomy":"product_brand","embeddable":true,"href":"https:\/\/freshgarbage.fi\/en\/wp-json\/wp\/v2\/product_brand?post=75610"},{"taxonomy":"product_cat","embeddable":true,"href":"https:\/\/freshgarbage.fi\/en\/wp-json\/wp\/v2\/product_cat?post=75610"},{"taxonomy":"product_tag","embeddable":true,"href":"https:\/\/freshgarbage.fi\/en\/wp-json\/wp\/v2\/product_tag?post=75610"}],"curies":[{"name":"wp","href":"https:\/\/api.w.org\/{rel}","templated":true}]}}