{"id":75508,"date":"2024-05-29T13:30:49","date_gmt":"2024-05-29T10:30:49","guid":{"rendered":"https:\/\/freshgarbage.fi\/tuote\/beggars-opera-beggars-opera-act-one\/"},"modified":"2024-05-29T13:30:49","modified_gmt":"2024-05-29T10:30:49","slug":"beggars-opera-beggars-opera-act-one","status":"publish","type":"product","link":"https:\/\/freshgarbage.fi\/en\/product\/beggars-opera-beggars-opera-act-one\/","title":{"rendered":"Beggar&#8217;s Opera \u2013 Beggars Opera Act One"},"content":{"rendered":"","protected":false},"excerpt":{"rendered":"<p>UK-ensipainos. Levyss\u00e4 kauttaaltaan pintaj\u00e4lke\u00e4. Soi taustaritin\u00e4ll\u00e4, joka ei tosin kuulu kova\u00e4\u00e4nisemm\u00e4n musiikin alta. Levy hieman kiero ilman vaikutusta soittoon. Alkuper\u00e4inen sis\u00e4pussi puuttuu.<\/p>\n","protected":false},"featured_media":16891,"template":"","meta":{"_acf_changed":false},"product_brand":[],"product_cat":[113],"product_tag":[],"class_list":{"0":"post-75508","1":"product","2":"type-product","3":"status-publish","4":"has-post-thumbnail","6":"product_cat-progressive-rock-krautrock-en","7":"pa_formaatti-lp-en","8":"pa_kaytetty-uusi-2nd-hand","10":"first","11":"instock","12":"shipping-taxable","13":"purchasable","14":"product-type-simple"},"acf":[],"_links":{"self":[{"href":"https:\/\/freshgarbage.fi\/en\/wp-json\/wp\/v2\/product\/75508","targetHints":{"allow":["GET"]}}],"collection":[{"href":"https:\/\/freshgarbage.fi\/en\/wp-json\/wp\/v2\/product"}],"about":[{"href":"https:\/\/freshgarbage.fi\/en\/wp-json\/wp\/v2\/types\/product"}],"wp:featuredmedia":[{"embeddable":true,"href":"https:\/\/freshgarbage.fi\/en\/wp-json\/wp\/v2\/media\/16891"}],"wp:attachment":[{"href":"https:\/\/freshgarbage.fi\/en\/wp-json\/wp\/v2\/media?parent=75508"}],"wp:term":[{"taxonomy":"product_brand","embeddable":true,"href":"https:\/\/freshgarbage.fi\/en\/wp-json\/wp\/v2\/product_brand?post=75508"},{"taxonomy":"product_cat","embeddable":true,"href":"https:\/\/freshgarbage.fi\/en\/wp-json\/wp\/v2\/product_cat?post=75508"},{"taxonomy":"product_tag","embeddable":true,"href":"https:\/\/freshgarbage.fi\/en\/wp-json\/wp\/v2\/product_tag?post=75508"}],"curies":[{"name":"wp","href":"https:\/\/api.w.org\/{rel}","templated":true}]}}