{"id":75506,"date":"2024-05-29T14:40:47","date_gmt":"2024-05-29T11:40:47","guid":{"rendered":"https:\/\/freshgarbage.fi\/tuote\/rauli-badding-somerjoki-rakkauden-kiertokulku-teinienkelista-tahtiin-tahtiin\/"},"modified":"2024-05-29T14:40:47","modified_gmt":"2024-05-29T11:40:47","slug":"rauli-badding-somerjoki-rakkauden-kiertokulku-teinienkelista-tahtiin-tahtiin","status":"publish","type":"product","link":"https:\/\/freshgarbage.fi\/en\/product\/rauli-badding-somerjoki-rakkauden-kiertokulku-teinienkelista-tahtiin-tahtiin\/","title":{"rendered":"Rauli Badding Somerjoki \u2013 Rakkauden Kiertokulku &#8211; Teinienkelist\u00e4 T\u00e4htiin T\u00e4htiin"},"content":{"rendered":"","protected":false},"excerpt":{"rendered":"<p>A1 Rakkauden Kiertokulku<br \/>\nA2 Melkein Halvaannuin<br \/>\nA3 Paras Haihtua Vaan<br \/>\nA4 Kumppani Armain<br \/>\nA5 M\u00e4 Haluan Sun<br \/>\nA6 Tynn\u00f6rilintu<br \/>\nA7 Teinienkeli<br \/>\nB1 Surrender: Antaudu, Rakkain<br \/>\nB2 Eik\u00f6 Juu<br \/>\nB3 Ikkunaprinsessa<br \/>\nB4 Y\u00f6n Hiljaisuudessa<br \/>\nB5 Nukkuja Kaunein<br \/>\nB6 Omista Minut<br \/>\nB7 T\u00e4hdet, T\u00e4hdet<\/p>\n","protected":false},"featured_media":16922,"template":"","meta":{"_acf_changed":false},"product_brand":[],"product_cat":[120],"product_tag":[],"class_list":{"0":"post-75506","1":"product","2":"type-product","3":"status-publish","4":"has-post-thumbnail","6":"product_cat-finnish","7":"pa_formaatti-lp-en","8":"pa_kaytetty-uusi-2nd-hand","10":"first","11":"instock","12":"shipping-taxable","13":"purchasable","14":"product-type-simple"},"acf":[],"_links":{"self":[{"href":"https:\/\/freshgarbage.fi\/en\/wp-json\/wp\/v2\/product\/75506","targetHints":{"allow":["GET"]}}],"collection":[{"href":"https:\/\/freshgarbage.fi\/en\/wp-json\/wp\/v2\/product"}],"about":[{"href":"https:\/\/freshgarbage.fi\/en\/wp-json\/wp\/v2\/types\/product"}],"wp:featuredmedia":[{"embeddable":true,"href":"https:\/\/freshgarbage.fi\/en\/wp-json\/wp\/v2\/media\/16922"}],"wp:attachment":[{"href":"https:\/\/freshgarbage.fi\/en\/wp-json\/wp\/v2\/media?parent=75506"}],"wp:term":[{"taxonomy":"product_brand","embeddable":true,"href":"https:\/\/freshgarbage.fi\/en\/wp-json\/wp\/v2\/product_brand?post=75506"},{"taxonomy":"product_cat","embeddable":true,"href":"https:\/\/freshgarbage.fi\/en\/wp-json\/wp\/v2\/product_cat?post=75506"},{"taxonomy":"product_tag","embeddable":true,"href":"https:\/\/freshgarbage.fi\/en\/wp-json\/wp\/v2\/product_tag?post=75506"}],"curies":[{"name":"wp","href":"https:\/\/api.w.org\/{rel}","templated":true}]}}