{"id":75460,"date":"2024-06-05T14:30:48","date_gmt":"2024-06-05T11:30:48","guid":{"rendered":"https:\/\/freshgarbage.fi\/tuote\/michael-white-father-music-mother-dance\/"},"modified":"2024-06-05T14:30:48","modified_gmt":"2024-06-05T11:30:48","slug":"michael-white-father-music-mother-dance","status":"publish","type":"product","link":"https:\/\/freshgarbage.fi\/en\/product\/michael-white-father-music-mother-dance\/","title":{"rendered":"Michael White \u2013 Father Music, Mother Dance"},"content":{"rendered":"","protected":false},"excerpt":{"rendered":"<p>Cut out, pient\u00e4 pintarepe\u00e4m\u00e4\u00e4 etukannen yl\u00e4kulmassa.<\/p>\n","protected":false},"featured_media":17305,"template":"","meta":{"_acf_changed":false},"product_brand":[],"product_cat":[122],"product_tag":[],"class_list":{"0":"post-75460","1":"product","2":"type-product","3":"status-publish","4":"has-post-thumbnail","6":"product_cat-jazz-fusion-en","7":"pa_formaatti-lp-en","8":"pa_kaytetty-uusi-2nd-hand","10":"first","11":"instock","12":"shipping-taxable","13":"purchasable","14":"product-type-simple"},"acf":[],"_links":{"self":[{"href":"https:\/\/freshgarbage.fi\/en\/wp-json\/wp\/v2\/product\/75460","targetHints":{"allow":["GET"]}}],"collection":[{"href":"https:\/\/freshgarbage.fi\/en\/wp-json\/wp\/v2\/product"}],"about":[{"href":"https:\/\/freshgarbage.fi\/en\/wp-json\/wp\/v2\/types\/product"}],"wp:featuredmedia":[{"embeddable":true,"href":"https:\/\/freshgarbage.fi\/en\/wp-json\/wp\/v2\/media\/17305"}],"wp:attachment":[{"href":"https:\/\/freshgarbage.fi\/en\/wp-json\/wp\/v2\/media?parent=75460"}],"wp:term":[{"taxonomy":"product_brand","embeddable":true,"href":"https:\/\/freshgarbage.fi\/en\/wp-json\/wp\/v2\/product_brand?post=75460"},{"taxonomy":"product_cat","embeddable":true,"href":"https:\/\/freshgarbage.fi\/en\/wp-json\/wp\/v2\/product_cat?post=75460"},{"taxonomy":"product_tag","embeddable":true,"href":"https:\/\/freshgarbage.fi\/en\/wp-json\/wp\/v2\/product_tag?post=75460"}],"curies":[{"name":"wp","href":"https:\/\/api.w.org\/{rel}","templated":true}]}}