{"id":75312,"date":"2024-09-18T13:30:02","date_gmt":"2024-09-18T10:30:02","guid":{"rendered":"https:\/\/freshgarbage.fi\/tuote\/ystavat-ystavat\/"},"modified":"2024-09-18T13:30:02","modified_gmt":"2024-09-18T10:30:02","slug":"ystavat-ystavat","status":"publish","type":"product","link":"https:\/\/freshgarbage.fi\/en\/product\/ystavat-ystavat\/","title":{"rendered":"Yst\u00e4v\u00e4t \u2013 Yst\u00e4v\u00e4t"},"content":{"rendered":"","protected":false},"excerpt":{"rendered":"<p>A1 El\u00e4m\u00e4 On Synkk\u00e4\u00e4<br \/>\nA2 Muukalainen<br \/>\nA3 Merihaka<br \/>\nA4 Kultalusikka<br \/>\nA5 T\u00e4ydellinen<br \/>\nB1 Murhamiehet<br \/>\nB2 Punaisessaan<br \/>\nB3 Hyv\u00e4 Olla<br \/>\nB4 Tuuli<br \/>\nB5 Ullaa Ullaa<\/p>\n","protected":false},"featured_media":22791,"template":"","meta":{"_acf_changed":false},"product_brand":[],"product_cat":[120,107],"product_tag":[],"class_list":{"0":"post-75312","1":"product","2":"type-product","3":"status-publish","4":"has-post-thumbnail","6":"product_cat-finnish","7":"product_cat-new","8":"pa_formaatti-lp-en","9":"pa_kaytetty-uusi-new","11":"first","12":"instock","13":"taxable","14":"shipping-taxable","15":"purchasable","16":"product-type-simple"},"acf":[],"_links":{"self":[{"href":"https:\/\/freshgarbage.fi\/en\/wp-json\/wp\/v2\/product\/75312","targetHints":{"allow":["GET"]}}],"collection":[{"href":"https:\/\/freshgarbage.fi\/en\/wp-json\/wp\/v2\/product"}],"about":[{"href":"https:\/\/freshgarbage.fi\/en\/wp-json\/wp\/v2\/types\/product"}],"wp:featuredmedia":[{"embeddable":true,"href":"https:\/\/freshgarbage.fi\/en\/wp-json\/wp\/v2\/media\/22791"}],"wp:attachment":[{"href":"https:\/\/freshgarbage.fi\/en\/wp-json\/wp\/v2\/media?parent=75312"}],"wp:term":[{"taxonomy":"product_brand","embeddable":true,"href":"https:\/\/freshgarbage.fi\/en\/wp-json\/wp\/v2\/product_brand?post=75312"},{"taxonomy":"product_cat","embeddable":true,"href":"https:\/\/freshgarbage.fi\/en\/wp-json\/wp\/v2\/product_cat?post=75312"},{"taxonomy":"product_tag","embeddable":true,"href":"https:\/\/freshgarbage.fi\/en\/wp-json\/wp\/v2\/product_tag?post=75312"}],"curies":[{"name":"wp","href":"https:\/\/api.w.org\/{rel}","templated":true}]}}