{"id":75277,"date":"2024-09-25T11:30:18","date_gmt":"2024-09-25T08:30:18","guid":{"rendered":"https:\/\/freshgarbage.fi\/tuote\/drive-by-truckers-plan-9-records-july-13-2006\/"},"modified":"2024-09-25T11:30:18","modified_gmt":"2024-09-25T08:30:18","slug":"drive-by-truckers-plan-9-records-july-13-2006","status":"publish","type":"product","link":"https:\/\/freshgarbage.fi\/en\/product\/drive-by-truckers-plan-9-records-july-13-2006\/","title":{"rendered":"Drive-By Truckers \u2013 Plan 9 Records July 13, 2006"},"content":{"rendered":"","protected":false},"excerpt":{"rendered":"<p>3LP, juliste ja kaksi liitett\u00e4. Numeroitu. T\u00e4ss\u00e4 versiossa punainen etukansi ja sininen takakansi.<\/p>\n","protected":false},"featured_media":23304,"template":"","meta":{"_acf_changed":false},"product_brand":[],"product_cat":[116],"product_tag":[],"class_list":{"0":"post-75277","1":"product","2":"type-product","3":"status-publish","4":"has-post-thumbnail","6":"product_cat-rock-pop-en","7":"pa_formaatti-lp-en","8":"pa_kaytetty-uusi-2nd-hand","10":"first","11":"instock","12":"shipping-taxable","13":"purchasable","14":"product-type-simple"},"acf":[],"_links":{"self":[{"href":"https:\/\/freshgarbage.fi\/en\/wp-json\/wp\/v2\/product\/75277","targetHints":{"allow":["GET"]}}],"collection":[{"href":"https:\/\/freshgarbage.fi\/en\/wp-json\/wp\/v2\/product"}],"about":[{"href":"https:\/\/freshgarbage.fi\/en\/wp-json\/wp\/v2\/types\/product"}],"wp:featuredmedia":[{"embeddable":true,"href":"https:\/\/freshgarbage.fi\/en\/wp-json\/wp\/v2\/media\/23304"}],"wp:attachment":[{"href":"https:\/\/freshgarbage.fi\/en\/wp-json\/wp\/v2\/media?parent=75277"}],"wp:term":[{"taxonomy":"product_brand","embeddable":true,"href":"https:\/\/freshgarbage.fi\/en\/wp-json\/wp\/v2\/product_brand?post=75277"},{"taxonomy":"product_cat","embeddable":true,"href":"https:\/\/freshgarbage.fi\/en\/wp-json\/wp\/v2\/product_cat?post=75277"},{"taxonomy":"product_tag","embeddable":true,"href":"https:\/\/freshgarbage.fi\/en\/wp-json\/wp\/v2\/product_tag?post=75277"}],"curies":[{"name":"wp","href":"https:\/\/api.w.org\/{rel}","templated":true}]}}