{"id":75271,"date":"2024-09-25T11:30:38","date_gmt":"2024-09-25T08:30:38","guid":{"rendered":"https:\/\/freshgarbage.fi\/tuote\/jukka-kuoppamaki-kuoppamaki\/"},"modified":"2024-09-25T11:30:38","modified_gmt":"2024-09-25T08:30:38","slug":"jukka-kuoppamaki-kuoppamaki","status":"publish","type":"product","link":"https:\/\/freshgarbage.fi\/en\/product\/jukka-kuoppamaki-kuoppamaki\/","title":{"rendered":"Jukka Kuoppam\u00e4ki \u2013 Kuoppam\u00e4ki"},"content":{"rendered":"","protected":false},"excerpt":{"rendered":"<p>Alkuper\u00e4inen koepainos. Levyss\u00e4 pari j\u00e4lke\u00e4, joista selkein napsuu vajaan minuutin. Mukana alkuper\u00e4iset kannet, jotka l\u00e4hes virheett\u00f6m\u00e4ss\u00e4 kunnossa.<\/p>\n","protected":false},"featured_media":23256,"template":"","meta":{"_acf_changed":false},"product_brand":[],"product_cat":[120],"product_tag":[],"class_list":{"0":"post-75271","1":"product","2":"type-product","3":"status-publish","4":"has-post-thumbnail","6":"product_cat-finnish","7":"pa_formaatti-lp-en","8":"pa_kaytetty-uusi-2nd-hand","10":"first","11":"instock","12":"shipping-taxable","13":"purchasable","14":"product-type-simple"},"acf":[],"_links":{"self":[{"href":"https:\/\/freshgarbage.fi\/en\/wp-json\/wp\/v2\/product\/75271","targetHints":{"allow":["GET"]}}],"collection":[{"href":"https:\/\/freshgarbage.fi\/en\/wp-json\/wp\/v2\/product"}],"about":[{"href":"https:\/\/freshgarbage.fi\/en\/wp-json\/wp\/v2\/types\/product"}],"wp:featuredmedia":[{"embeddable":true,"href":"https:\/\/freshgarbage.fi\/en\/wp-json\/wp\/v2\/media\/23256"}],"wp:attachment":[{"href":"https:\/\/freshgarbage.fi\/en\/wp-json\/wp\/v2\/media?parent=75271"}],"wp:term":[{"taxonomy":"product_brand","embeddable":true,"href":"https:\/\/freshgarbage.fi\/en\/wp-json\/wp\/v2\/product_brand?post=75271"},{"taxonomy":"product_cat","embeddable":true,"href":"https:\/\/freshgarbage.fi\/en\/wp-json\/wp\/v2\/product_cat?post=75271"},{"taxonomy":"product_tag","embeddable":true,"href":"https:\/\/freshgarbage.fi\/en\/wp-json\/wp\/v2\/product_tag?post=75271"}],"curies":[{"name":"wp","href":"https:\/\/api.w.org\/{rel}","templated":true}]}}