{"id":75252,"date":"2024-09-27T13:30:26","date_gmt":"2024-09-27T10:30:26","guid":{"rendered":"https:\/\/freshgarbage.fi\/tuote\/various-mods-mayday-79\/"},"modified":"2024-09-27T13:30:26","modified_gmt":"2024-09-27T10:30:26","slug":"various-mods-mayday-79","status":"publish","type":"product","link":"https:\/\/freshgarbage.fi\/en\/product\/various-mods-mayday-79\/","title":{"rendered":"Various \u2013 Mods Mayday &#8217;79"},"content":{"rendered":"","protected":false},"excerpt":{"rendered":"<p>Ylim\u00e4\u00e4r\u00e4inen tarran tai teipinpala etukannessa. Parin sentin kuluma yl\u00e4saumassa, joka ei ole puhki.<\/p>\n<p>A1 Secret Affair \u2013 Time For Action<br \/>\nA2 Secret Affair \u2013 Let Your Heart Dance<br \/>\nA3 Beggar \u2013 Don&#8217;t Throw Your Life Away<br \/>\nA4 Small Hours \u2013 Hanging In The Balance<br \/>\nA5 The Mods \u2013 Tonight&#8217;s The Night<br \/>\nA6 The Mods \u2013 Let Me Be The One<br \/>\nA7 Squire \u2013 B-A-B-Y Baby Love<br \/>\nA8 Small Hours \u2013 Midnight To Six<br \/>\nB1 Beggar \u2013 Broadway Show<br \/>\nB2 Beggar \u2013 All Night<br \/>\nB3 The Mods \u2013 Love Only Me<br \/>\nB4 Squire \u2013 Walking Down The King&#8217;s Road<br \/>\nB5 Squire \u2013 Live Without Her Love<br \/>\nB6 Secret Affair \u2013 I&#8217;m Not Free (But I&#8217;m Cheap)<br \/>\nB7 Small Hours \u2013 End Of The Night<\/p>\n","protected":false},"featured_media":23481,"template":"","meta":{"_acf_changed":false},"product_brand":[],"product_cat":[117],"product_tag":[],"class_list":{"0":"post-75252","1":"product","2":"type-product","3":"status-publish","4":"has-post-thumbnail","6":"product_cat-new-wave-goth-rock-synth-pop-post-punk-en","7":"pa_formaatti-lp-en","8":"pa_kaytetty-uusi-2nd-hand","10":"first","11":"instock","12":"shipping-taxable","13":"purchasable","14":"product-type-simple"},"acf":[],"_links":{"self":[{"href":"https:\/\/freshgarbage.fi\/en\/wp-json\/wp\/v2\/product\/75252","targetHints":{"allow":["GET"]}}],"collection":[{"href":"https:\/\/freshgarbage.fi\/en\/wp-json\/wp\/v2\/product"}],"about":[{"href":"https:\/\/freshgarbage.fi\/en\/wp-json\/wp\/v2\/types\/product"}],"wp:featuredmedia":[{"embeddable":true,"href":"https:\/\/freshgarbage.fi\/en\/wp-json\/wp\/v2\/media\/23481"}],"wp:attachment":[{"href":"https:\/\/freshgarbage.fi\/en\/wp-json\/wp\/v2\/media?parent=75252"}],"wp:term":[{"taxonomy":"product_brand","embeddable":true,"href":"https:\/\/freshgarbage.fi\/en\/wp-json\/wp\/v2\/product_brand?post=75252"},{"taxonomy":"product_cat","embeddable":true,"href":"https:\/\/freshgarbage.fi\/en\/wp-json\/wp\/v2\/product_cat?post=75252"},{"taxonomy":"product_tag","embeddable":true,"href":"https:\/\/freshgarbage.fi\/en\/wp-json\/wp\/v2\/product_tag?post=75252"}],"curies":[{"name":"wp","href":"https:\/\/api.w.org\/{rel}","templated":true}]}}