{"id":75248,"date":"2024-09-27T13:30:51","date_gmt":"2024-09-27T10:30:51","guid":{"rendered":"https:\/\/freshgarbage.fi\/tuote\/lill-jorgen-petersen-lill-jorgen-petersen\/"},"modified":"2024-09-27T13:30:51","modified_gmt":"2024-09-27T10:30:51","slug":"lill-jorgen-petersen-lill-jorgen-petersen","status":"publish","type":"product","link":"https:\/\/freshgarbage.fi\/en\/product\/lill-jorgen-petersen-lill-jorgen-petersen\/","title":{"rendered":"Lill-J\u00f6rgen Petersen \u2013 Lill-J\u00f6rgen Petersen"},"content":{"rendered":"","protected":false},"excerpt":{"rendered":"<p>Alkuper\u00e4inen ja ainoa painos. Levyss\u00e4 kevytt\u00e4 j\u00e4lke\u00e4, josta aiheutuu satunnaisia kevyit\u00e4 napsuja, mutta ei mit\u00e4\u00e4n sen vakavampaa. Kannessa pintakulumaa, mutta muuten t\u00e4ysin ehj\u00e4t.<\/p>\n","protected":false},"featured_media":23510,"template":"","meta":{"_acf_changed":false},"product_brand":[],"product_cat":[120],"product_tag":[],"class_list":{"0":"post-75248","1":"product","2":"type-product","3":"status-publish","4":"has-post-thumbnail","6":"product_cat-finnish","7":"pa_formaatti-lp-en","8":"pa_kaytetty-uusi-2nd-hand","10":"first","11":"instock","12":"shipping-taxable","13":"purchasable","14":"product-type-simple"},"acf":[],"_links":{"self":[{"href":"https:\/\/freshgarbage.fi\/en\/wp-json\/wp\/v2\/product\/75248","targetHints":{"allow":["GET"]}}],"collection":[{"href":"https:\/\/freshgarbage.fi\/en\/wp-json\/wp\/v2\/product"}],"about":[{"href":"https:\/\/freshgarbage.fi\/en\/wp-json\/wp\/v2\/types\/product"}],"wp:featuredmedia":[{"embeddable":true,"href":"https:\/\/freshgarbage.fi\/en\/wp-json\/wp\/v2\/media\/23510"}],"wp:attachment":[{"href":"https:\/\/freshgarbage.fi\/en\/wp-json\/wp\/v2\/media?parent=75248"}],"wp:term":[{"taxonomy":"product_brand","embeddable":true,"href":"https:\/\/freshgarbage.fi\/en\/wp-json\/wp\/v2\/product_brand?post=75248"},{"taxonomy":"product_cat","embeddable":true,"href":"https:\/\/freshgarbage.fi\/en\/wp-json\/wp\/v2\/product_cat?post=75248"},{"taxonomy":"product_tag","embeddable":true,"href":"https:\/\/freshgarbage.fi\/en\/wp-json\/wp\/v2\/product_tag?post=75248"}],"curies":[{"name":"wp","href":"https:\/\/api.w.org\/{rel}","templated":true}]}}