{"id":75238,"date":"2024-09-27T15:47:43","date_gmt":"2024-09-27T12:47:43","guid":{"rendered":"https:\/\/freshgarbage.fi\/tuote\/heldon-un-reve-sans-consequence-speciale\/"},"modified":"2024-09-27T15:47:43","modified_gmt":"2024-09-27T12:47:43","slug":"heldon-un-reve-sans-consequence-speciale","status":"publish","type":"product","link":"https:\/\/freshgarbage.fi\/en\/product\/heldon-un-reve-sans-consequence-speciale\/","title":{"rendered":"Heldon \u2013 Un R\u00eave Sans Cons\u00e9quence Sp\u00e9ciale"},"content":{"rendered":"","protected":false},"excerpt":{"rendered":"","protected":false},"featured_media":23538,"template":"","meta":{"_acf_changed":false},"product_brand":[],"product_cat":[107,113],"product_tag":[],"class_list":{"0":"post-75238","1":"product","2":"type-product","3":"status-publish","4":"has-post-thumbnail","6":"product_cat-new","7":"product_cat-progressive-rock-krautrock-en","8":"pa_formaatti-lp-en","9":"pa_kaytetty-uusi-new","11":"first","12":"instock","13":"taxable","14":"shipping-taxable","15":"purchasable","16":"product-type-simple"},"acf":[],"_links":{"self":[{"href":"https:\/\/freshgarbage.fi\/en\/wp-json\/wp\/v2\/product\/75238","targetHints":{"allow":["GET"]}}],"collection":[{"href":"https:\/\/freshgarbage.fi\/en\/wp-json\/wp\/v2\/product"}],"about":[{"href":"https:\/\/freshgarbage.fi\/en\/wp-json\/wp\/v2\/types\/product"}],"wp:featuredmedia":[{"embeddable":true,"href":"https:\/\/freshgarbage.fi\/en\/wp-json\/wp\/v2\/media\/23538"}],"wp:attachment":[{"href":"https:\/\/freshgarbage.fi\/en\/wp-json\/wp\/v2\/media?parent=75238"}],"wp:term":[{"taxonomy":"product_brand","embeddable":true,"href":"https:\/\/freshgarbage.fi\/en\/wp-json\/wp\/v2\/product_brand?post=75238"},{"taxonomy":"product_cat","embeddable":true,"href":"https:\/\/freshgarbage.fi\/en\/wp-json\/wp\/v2\/product_cat?post=75238"},{"taxonomy":"product_tag","embeddable":true,"href":"https:\/\/freshgarbage.fi\/en\/wp-json\/wp\/v2\/product_tag?post=75238"}],"curies":[{"name":"wp","href":"https:\/\/api.w.org\/{rel}","templated":true}]}}