{"id":75210,"date":"2024-10-04T10:00:05","date_gmt":"2024-10-04T07:00:05","guid":{"rendered":"https:\/\/freshgarbage.fi\/tuote\/arppa-muovipussi-kummittelee\/"},"modified":"2024-10-04T10:00:05","modified_gmt":"2024-10-04T07:00:05","slug":"arppa-muovipussi-kummittelee","status":"publish","type":"product","link":"https:\/\/freshgarbage.fi\/en\/product\/arppa-muovipussi-kummittelee\/","title":{"rendered":"Arppa \u2013 Muovipussi Kummittelee"},"content":{"rendered":"","protected":false},"excerpt":{"rendered":"<p>Hurmaava, tunnelmallinen ja erikoiseksikin kuvailtu Arppa-soundi on muodostunut yhdeksi kotimaisen musiikin tunnistettavimmista, kun sadunomaisten ja tarkkan\u00e4k\u00f6isten tekstien ymp\u00e4rille rakentuu uniikki \u00e4\u00e4nimaailma. Arppa on tunnettu energisist\u00e4, riemukkaista ja vilpitt\u00f6m\u00e4ll\u00e4 l\u00e4sn\u00e4ololla mukaansatempaavista keikoistaan.<\/p>\n<p>A-PUOLI<br \/>\nHyv\u00e4 p\u00e4iv\u00e4<br \/>\nJohtot\u00e4hti<br \/>\nPurppurat silmill\u00e4<br \/>\nKerran Turussa<br \/>\nKavereita, Hilma<\/p>\n<p>B-PUOLI<br \/>\nMuovipussi kummittelee<br \/>\nVasenta kaistaa<br \/>\nMiss\u00e4 s\u00e4 oot<br \/>\nHannu<\/p>\n","protected":false},"featured_media":23155,"template":"","meta":{"_acf_changed":false},"product_brand":[],"product_cat":[120,107],"product_tag":[],"class_list":{"0":"post-75210","1":"product","2":"type-product","3":"status-publish","4":"has-post-thumbnail","6":"product_cat-finnish","7":"product_cat-new","8":"pa_formaatti-lp-en","9":"pa_kaytetty-uusi-new","11":"first","12":"instock","13":"taxable","14":"shipping-taxable","15":"purchasable","16":"product-type-simple"},"acf":[],"_links":{"self":[{"href":"https:\/\/freshgarbage.fi\/en\/wp-json\/wp\/v2\/product\/75210","targetHints":{"allow":["GET"]}}],"collection":[{"href":"https:\/\/freshgarbage.fi\/en\/wp-json\/wp\/v2\/product"}],"about":[{"href":"https:\/\/freshgarbage.fi\/en\/wp-json\/wp\/v2\/types\/product"}],"wp:featuredmedia":[{"embeddable":true,"href":"https:\/\/freshgarbage.fi\/en\/wp-json\/wp\/v2\/media\/23155"}],"wp:attachment":[{"href":"https:\/\/freshgarbage.fi\/en\/wp-json\/wp\/v2\/media?parent=75210"}],"wp:term":[{"taxonomy":"product_brand","embeddable":true,"href":"https:\/\/freshgarbage.fi\/en\/wp-json\/wp\/v2\/product_brand?post=75210"},{"taxonomy":"product_cat","embeddable":true,"href":"https:\/\/freshgarbage.fi\/en\/wp-json\/wp\/v2\/product_cat?post=75210"},{"taxonomy":"product_tag","embeddable":true,"href":"https:\/\/freshgarbage.fi\/en\/wp-json\/wp\/v2\/product_tag?post=75210"}],"curies":[{"name":"wp","href":"https:\/\/api.w.org\/{rel}","templated":true}]}}