{"id":75108,"date":"2024-10-24T11:30:01","date_gmt":"2024-10-24T08:30:01","guid":{"rendered":"https:\/\/freshgarbage.fi\/tuote\/coast-road-drive-delicious-and-refreshing\/"},"modified":"2024-10-24T11:30:01","modified_gmt":"2024-10-24T08:30:01","slug":"coast-road-drive-delicious-and-refreshing","status":"publish","type":"product","link":"https:\/\/freshgarbage.fi\/en\/product\/coast-road-drive-delicious-and-refreshing\/","title":{"rendered":"Coast Road Drive \u2013 Delicious And Refreshing"},"content":{"rendered":"","protected":false},"excerpt":{"rendered":"<ul>\n<li>Alkuper\u00e4inen UK-painos.<\/li>\n<li>Levyss\u00e4 painaumatyyppist\u00e4 j\u00e4lke\u00e4 alkuper\u00e4isest\u00e4 sis\u00e4pussista, muuten siisti ja soi hienosti.<\/li>\n<li>Cut out, hieman taittumaa.<\/li>\n<\/ul>\n","protected":false},"featured_media":25129,"template":"","meta":{"_acf_changed":false},"product_brand":[],"product_cat":[116],"product_tag":[],"class_list":{"0":"post-75108","1":"product","2":"type-product","3":"status-publish","4":"has-post-thumbnail","6":"product_cat-rock-pop-en","7":"pa_formaatti-lp-en","8":"pa_kaytetty-uusi-2nd-hand","10":"first","11":"instock","12":"shipping-taxable","13":"purchasable","14":"product-type-simple"},"acf":[],"_links":{"self":[{"href":"https:\/\/freshgarbage.fi\/en\/wp-json\/wp\/v2\/product\/75108","targetHints":{"allow":["GET"]}}],"collection":[{"href":"https:\/\/freshgarbage.fi\/en\/wp-json\/wp\/v2\/product"}],"about":[{"href":"https:\/\/freshgarbage.fi\/en\/wp-json\/wp\/v2\/types\/product"}],"wp:featuredmedia":[{"embeddable":true,"href":"https:\/\/freshgarbage.fi\/en\/wp-json\/wp\/v2\/media\/25129"}],"wp:attachment":[{"href":"https:\/\/freshgarbage.fi\/en\/wp-json\/wp\/v2\/media?parent=75108"}],"wp:term":[{"taxonomy":"product_brand","embeddable":true,"href":"https:\/\/freshgarbage.fi\/en\/wp-json\/wp\/v2\/product_brand?post=75108"},{"taxonomy":"product_cat","embeddable":true,"href":"https:\/\/freshgarbage.fi\/en\/wp-json\/wp\/v2\/product_cat?post=75108"},{"taxonomy":"product_tag","embeddable":true,"href":"https:\/\/freshgarbage.fi\/en\/wp-json\/wp\/v2\/product_tag?post=75108"}],"curies":[{"name":"wp","href":"https:\/\/api.w.org\/{rel}","templated":true}]}}