{"id":75075,"date":"2024-10-24T11:30:27","date_gmt":"2024-10-24T08:30:27","guid":{"rendered":"https:\/\/freshgarbage.fi\/tuote\/various-sinua-sinua-rakastan\/"},"modified":"2024-10-24T11:30:27","modified_gmt":"2024-10-24T08:30:27","slug":"various-sinua-sinua-rakastan","status":"publish","type":"product","link":"https:\/\/freshgarbage.fi\/en\/product\/various-sinua-sinua-rakastan\/","title":{"rendered":"Various \u2013 Sinua Sinua Rakastan"},"content":{"rendered":"","protected":false},"excerpt":{"rendered":"<p>Varhainen painos reunatekstitt\u00f6m\u00e4ll\u00e4 etiketill\u00e4.<\/p>\n<p>A1 Kaj Chydenius \u2013 Sinua, Sinua Rakastan<br \/>\nA2 Aulikki Oksanen \u2013 Korkea Veisu<br \/>\nA3 Otto Donner \u2013 Kuka Kertoisi Minulle?<br \/>\nA4 Arja Saijonmaa \u2013 Timotei<br \/>\nA5 Ellipsi \u2013 Tunnustus<br \/>\nA6 Kaj Chydenius \u2013 Kaikkein Kaunein Tytt\u00f6<br \/>\nA7 Arja Saijonmaa \u2013 Puhu Minulle Rakkaudesta<br \/>\nB1 Ringa \u2013 Suljin Silm\u00e4t<br \/>\nB2 Ronnie \u00d6sterberg \u2013 Ei Kauempaa<br \/>\nB3 Irina Milan \u2013 Aistitko, Kuuletko?<br \/>\nB4 Sinikka Sokka \u2013 En Tahdo Muistaa<br \/>\nB5 Ringa \u2013 Huomaan Maa Jo El\u00e4\u00e4<br \/>\nB6 Pepe Willberg \u2013 Vieraat<\/p>\n","protected":false},"featured_media":25063,"template":"","meta":{"_acf_changed":false},"product_brand":[],"product_cat":[120],"product_tag":[],"class_list":{"0":"post-75075","1":"product","2":"type-product","3":"status-publish","4":"has-post-thumbnail","6":"product_cat-finnish","7":"pa_formaatti-lp-en","8":"pa_kaytetty-uusi-2nd-hand","10":"first","11":"instock","12":"shipping-taxable","13":"purchasable","14":"product-type-simple"},"acf":[],"_links":{"self":[{"href":"https:\/\/freshgarbage.fi\/en\/wp-json\/wp\/v2\/product\/75075","targetHints":{"allow":["GET"]}}],"collection":[{"href":"https:\/\/freshgarbage.fi\/en\/wp-json\/wp\/v2\/product"}],"about":[{"href":"https:\/\/freshgarbage.fi\/en\/wp-json\/wp\/v2\/types\/product"}],"wp:featuredmedia":[{"embeddable":true,"href":"https:\/\/freshgarbage.fi\/en\/wp-json\/wp\/v2\/media\/25063"}],"wp:attachment":[{"href":"https:\/\/freshgarbage.fi\/en\/wp-json\/wp\/v2\/media?parent=75075"}],"wp:term":[{"taxonomy":"product_brand","embeddable":true,"href":"https:\/\/freshgarbage.fi\/en\/wp-json\/wp\/v2\/product_brand?post=75075"},{"taxonomy":"product_cat","embeddable":true,"href":"https:\/\/freshgarbage.fi\/en\/wp-json\/wp\/v2\/product_cat?post=75075"},{"taxonomy":"product_tag","embeddable":true,"href":"https:\/\/freshgarbage.fi\/en\/wp-json\/wp\/v2\/product_tag?post=75075"}],"curies":[{"name":"wp","href":"https:\/\/api.w.org\/{rel}","templated":true}]}}