{"id":74957,"date":"2024-11-08T11:20:25","date_gmt":"2024-11-08T09:20:25","guid":{"rendered":"https:\/\/freshgarbage.fi\/tuote\/modem-dragsvik-miten-taalla-voi-elaa-ep\/"},"modified":"2024-11-08T11:20:25","modified_gmt":"2024-11-08T09:20:25","slug":"modem-dragsvik-miten-taalla-voi-elaa-ep","status":"publish","type":"product","link":"https:\/\/freshgarbage.fi\/en\/product\/modem-dragsvik-miten-taalla-voi-elaa-ep\/","title":{"rendered":"Modem \/ Dragsvik &#8211; Miten t\u00e4\u00e4ll\u00e4 voi el\u00e4\u00e4? EP"},"content":{"rendered":"","protected":false},"excerpt":{"rendered":"<p>D-puoli<br \/>\n01. Parasiitit (Ibiza hotmix)<br \/>\n02. Luokkasota (Daddy Pales &amp; Mige Mit\u00e4 me odotetaan remix)<\/p>\n<p>M-puoli<br \/>\n01. Ei puhuta en\u00e4\u00e4<br \/>\n02. Hinta<\/p>\n","protected":false},"featured_media":24705,"template":"","meta":{"_acf_changed":false},"product_brand":[],"product_cat":[120,107],"product_tag":[],"class_list":{"0":"post-74957","1":"product","2":"type-product","3":"status-publish","4":"has-post-thumbnail","6":"product_cat-finnish","7":"product_cat-new","8":"pa_formaatti-12-en","9":"pa_kaytetty-uusi-new","11":"first","12":"instock","13":"taxable","14":"shipping-taxable","15":"purchasable","16":"product-type-simple"},"acf":[],"_links":{"self":[{"href":"https:\/\/freshgarbage.fi\/en\/wp-json\/wp\/v2\/product\/74957","targetHints":{"allow":["GET"]}}],"collection":[{"href":"https:\/\/freshgarbage.fi\/en\/wp-json\/wp\/v2\/product"}],"about":[{"href":"https:\/\/freshgarbage.fi\/en\/wp-json\/wp\/v2\/types\/product"}],"wp:featuredmedia":[{"embeddable":true,"href":"https:\/\/freshgarbage.fi\/en\/wp-json\/wp\/v2\/media\/24705"}],"wp:attachment":[{"href":"https:\/\/freshgarbage.fi\/en\/wp-json\/wp\/v2\/media?parent=74957"}],"wp:term":[{"taxonomy":"product_brand","embeddable":true,"href":"https:\/\/freshgarbage.fi\/en\/wp-json\/wp\/v2\/product_brand?post=74957"},{"taxonomy":"product_cat","embeddable":true,"href":"https:\/\/freshgarbage.fi\/en\/wp-json\/wp\/v2\/product_cat?post=74957"},{"taxonomy":"product_tag","embeddable":true,"href":"https:\/\/freshgarbage.fi\/en\/wp-json\/wp\/v2\/product_tag?post=74957"}],"curies":[{"name":"wp","href":"https:\/\/api.w.org\/{rel}","templated":true}]}}