{"id":74862,"date":"2024-11-21T12:00:00","date_gmt":"2024-11-21T10:00:00","guid":{"rendered":"https:\/\/freshgarbage.fi\/tuote\/bad-sauna-kerro-sille-milta-susta-tuntuu-vari\/"},"modified":"2024-11-21T12:00:00","modified_gmt":"2024-11-21T10:00:00","slug":"bad-sauna-kerro-sille-milta-susta-tuntuu-vari","status":"publish","type":"product","link":"https:\/\/freshgarbage.fi\/en\/product\/bad-sauna-kerro-sille-milta-susta-tuntuu-vari\/","title":{"rendered":"Bad Sauna \u2013 Kerro sille milt\u00e4 susta tuntuu (v\u00e4ri)"},"content":{"rendered":"","protected":false},"excerpt":{"rendered":"<p>V\u00e4rilevy.<\/p>\n<p>Rajoitettu vinyyliversio Bad Saunan kolmosalbumista &#8220;Kerro sille milt\u00e4 susta tuntuu. Levyll\u00e4 yhtye maalaa kuvaa maailmasta, jossa tunteiden ilmaiseminen on avain parempaan yhteisymm\u00e4rrykseen &#8211; samalla se on yksil\u00f6n, yst\u00e4vyksien ja samalla koko yhtyeen yhteinen selviytymistarina mielen syvyyksist\u00e4 valoisampaan arkeen.<\/p>\n<p>Levyn teema kietoutuu sen nimeen, Kerro sille milt\u00e4 susta tuntuu &#8211; b\u00e4nditreeneiss\u00e4 yst\u00e4vykset miettiv\u00e4t, miten paljon parempi paikka maailma olisi, jos kaikki vain kertoisivat tunteistaan toisille. Yksinkertaista &#8211; mutta niin kovin vaikeaa.<\/p>\n<p>Bad Sauna on aina ollut siit\u00e4 harvinaislaatuinen yhtye Suomessa, ett\u00e4 sen musiikissa murheellisten laulujen maan klassinen haikeus yhdistyy saumattomasti angloamerikkalaiseen kitaravetoiseen indieen. B\u00e4ndin soitossa sekoittuu suomirock Love Recordsin ajoista Apulannan ja CMX:n kautta Ristoon ja Arppaan sek\u00e4 Vaasankadulta feministisen b\u00e4ndien nykyskeneen. Yht\u00e4lailla sen kappaleista huokuu yhtym\u00e4kohtia indierockin klassikoihin kuten Queens Of The Stone Age, Sonic Youth, Weezer, Smashing Pumpkins, Pixies ja Nirvana sek\u00e4 nykyp\u00e4iv\u00e4n punkista, skeittauksesta ja slacker-menosta ammentaviin indievetureihin, kuten DIIV ja Cloud Nothings. N\u00e4m\u00e4 artistit eiv\u00e4t kuulu Bad Saunan musiikissa p\u00e4\u00e4lleliimatusti, vaan ovat jollain tapaa osa samaa dna-keitosta &#8211; Bad Sauna on er\u00e4\u00e4nlainen omassa marginaalissaan el\u00e4v\u00e4 jatkumo n\u00e4ille kaikille.<\/p>\n<p>Bad Saunan kyky tehd\u00e4 kansainv\u00e4lisesti ajankohtaista indierockia ja pit\u00e4\u00e4 silti juurensa vahvasti kiinni suomirockin melankolisessa kaanonissa on vaikuttavaa. \u201cKerro sille milt\u00e4 susta tuntuu\u201d -levyn voikin levyhyllyss\u00e4 ankkuroida kahden kotimaisen auringon, CMX:n Auringon ja Riston Aurinko aurinko plaa plaa plaan -levyn, v\u00e4liin.<\/p>\n<p>Kappalelista:<br \/>\n1. Iso tunne siit\u00e4 ett\u00e4 ollaan tosi pieni\u00e4<br \/>\n2. Siit\u00e4s sait<br \/>\n3. Sein\u00e4t Kaaaaatuuu<br \/>\n4. Voittajan ainesta<br \/>\n5. Muista, ett\u00e4 kaikki ei vihaa sua koko ajan<br \/>\n6. Paskapuhetta<br \/>\n7. T\u00e4ll\u00e4 tuneella<br \/>\n8. Uusi Fantasian odotan<br \/>\n9. Challenger (oon vahvempi) feat. Sir Liselot<\/p>\n","protected":false},"featured_media":25924,"template":"","meta":{"_acf_changed":false},"product_brand":[],"product_cat":[120,107],"product_tag":[],"class_list":{"0":"post-74862","1":"product","2":"type-product","3":"status-publish","4":"has-post-thumbnail","6":"product_cat-finnish","7":"product_cat-new","8":"pa_formaatti-lp-en","9":"pa_kaytetty-uusi-new","11":"first","12":"instock","13":"taxable","14":"shipping-taxable","15":"purchasable","16":"product-type-simple"},"acf":[],"_links":{"self":[{"href":"https:\/\/freshgarbage.fi\/en\/wp-json\/wp\/v2\/product\/74862","targetHints":{"allow":["GET"]}}],"collection":[{"href":"https:\/\/freshgarbage.fi\/en\/wp-json\/wp\/v2\/product"}],"about":[{"href":"https:\/\/freshgarbage.fi\/en\/wp-json\/wp\/v2\/types\/product"}],"wp:featuredmedia":[{"embeddable":true,"href":"https:\/\/freshgarbage.fi\/en\/wp-json\/wp\/v2\/media\/25924"}],"wp:attachment":[{"href":"https:\/\/freshgarbage.fi\/en\/wp-json\/wp\/v2\/media?parent=74862"}],"wp:term":[{"taxonomy":"product_brand","embeddable":true,"href":"https:\/\/freshgarbage.fi\/en\/wp-json\/wp\/v2\/product_brand?post=74862"},{"taxonomy":"product_cat","embeddable":true,"href":"https:\/\/freshgarbage.fi\/en\/wp-json\/wp\/v2\/product_cat?post=74862"},{"taxonomy":"product_tag","embeddable":true,"href":"https:\/\/freshgarbage.fi\/en\/wp-json\/wp\/v2\/product_tag?post=74862"}],"curies":[{"name":"wp","href":"https:\/\/api.w.org\/{rel}","templated":true}]}}