{"id":74817,"date":"2025-01-15T11:59:09","date_gmt":"2025-01-15T09:59:09","guid":{"rendered":"https:\/\/freshgarbage.fi\/tuote\/fantasia-fantasia-2\/"},"modified":"2025-01-15T11:59:09","modified_gmt":"2025-01-15T09:59:09","slug":"fantasia-fantasia-2","status":"publish","type":"product","link":"https:\/\/freshgarbage.fi\/en\/product\/fantasia-fantasia-2\/","title":{"rendered":"Fantasia \u2013 Fantasia"},"content":{"rendered":"","protected":false},"excerpt":{"rendered":"<p>1. painos.<\/p>\n<p>Etukannen suuaukossa parin sentin repe\u00e4m\u00e4. Kannen yl\u00e4osassa kevytt\u00e4 kosteuden aiheuttamaa v\u00e4rj\u00e4\u00e4ntymist\u00e4 sek\u00e4 liev\u00e4\u00e4 aaltoilua. Levyss\u00e4 pari pintaj\u00e4lke\u00e4, mutta soi hienosti.<\/p>\n","protected":false},"featured_media":28910,"template":"","meta":{"_acf_changed":false},"product_brand":[],"product_cat":[120,113],"product_tag":[],"class_list":{"0":"post-74817","1":"product","2":"type-product","3":"status-publish","4":"has-post-thumbnail","6":"product_cat-finnish","7":"product_cat-progressive-rock-krautrock-en","8":"pa_formaatti-lp-en","9":"pa_kaytetty-uusi-2nd-hand","11":"first","12":"instock","13":"shipping-taxable","14":"purchasable","15":"product-type-simple"},"acf":[],"_links":{"self":[{"href":"https:\/\/freshgarbage.fi\/en\/wp-json\/wp\/v2\/product\/74817","targetHints":{"allow":["GET"]}}],"collection":[{"href":"https:\/\/freshgarbage.fi\/en\/wp-json\/wp\/v2\/product"}],"about":[{"href":"https:\/\/freshgarbage.fi\/en\/wp-json\/wp\/v2\/types\/product"}],"wp:featuredmedia":[{"embeddable":true,"href":"https:\/\/freshgarbage.fi\/en\/wp-json\/wp\/v2\/media\/28910"}],"wp:attachment":[{"href":"https:\/\/freshgarbage.fi\/en\/wp-json\/wp\/v2\/media?parent=74817"}],"wp:term":[{"taxonomy":"product_brand","embeddable":true,"href":"https:\/\/freshgarbage.fi\/en\/wp-json\/wp\/v2\/product_brand?post=74817"},{"taxonomy":"product_cat","embeddable":true,"href":"https:\/\/freshgarbage.fi\/en\/wp-json\/wp\/v2\/product_cat?post=74817"},{"taxonomy":"product_tag","embeddable":true,"href":"https:\/\/freshgarbage.fi\/en\/wp-json\/wp\/v2\/product_tag?post=74817"}],"curies":[{"name":"wp","href":"https:\/\/api.w.org\/{rel}","templated":true}]}}