{"id":74784,"date":"2025-01-28T11:30:29","date_gmt":"2025-01-28T09:30:29","guid":{"rendered":"https:\/\/freshgarbage.fi\/tuote\/various-elamaa-suuremmat-laulut\/"},"modified":"2025-01-28T11:30:29","modified_gmt":"2025-01-28T09:30:29","slug":"various-elamaa-suuremmat-laulut","status":"publish","type":"product","link":"https:\/\/freshgarbage.fi\/en\/product\/various-elamaa-suuremmat-laulut\/","title":{"rendered":"Various \u2013 El\u00e4m\u00e4\u00e4 Suuremmat Laulut"},"content":{"rendered":"","protected":false},"excerpt":{"rendered":"<p>A1 KOM-Teatteri \u2013 Kalliolle Kukkulalle<br \/>\nA2 Kaj Chydenius \u2013 Sinua Sinua Rakastan<br \/>\nA3 Juice Leskinen \u2013 Syksyn S\u00e4vel<br \/>\nA4 Bo Andersson \u2013 Syyslaulu<br \/>\nA5 Eija Ahvo \u2013 Armaan L\u00e4heisyys<br \/>\nB1 Hector \u2013 Lumi Teki Enkelin Eteiseen<br \/>\nB2 Pepe Willberg \u2013 Kuka Kertoisi Minulle<br \/>\nB3 Kari Rydman \u2013 Kaunein Uni<br \/>\nB4 Agit Prop \u2013 Natalia<br \/>\nB5 Isokyn\u00e4 Lindholm \u2013 Voi Kun Riitt\u00e4is Pieni Taivas<\/p>\n<p>C1 Rauli Badding Somerjoki \u2013 Paratiisi<br \/>\nC2 Pepe Willberg \u2013 Niin V\u00e4h\u00e4n On Aikaa<br \/>\nC3 Liisa Tavi \u2013 J\u00e4\u00e4hyv\u00e4iset Aseille<br \/>\nC4 Kiti Neuvonen \u2013 Nuoruustango<br \/>\nC5 Vesa-Matti Loiri \u2013 Nocturne<br \/>\nD1 Juice Leskinen \u2013 Viidestoista Y\u00f6<br \/>\nD2 Petri Pettersson \u2013 Nuoruus<br \/>\nD3 Tauno Palo \u2013 Erotessa<br \/>\nD4 Rauli Badding Somerjoki \u2013 Valot<br \/>\nD5 Kari Rydman \u2013 Niin Kaunis On Maa<\/p>\n","protected":false},"featured_media":29562,"template":"","meta":{"_acf_changed":false},"product_brand":[],"product_cat":[120],"product_tag":[],"class_list":{"0":"post-74784","1":"product","2":"type-product","3":"status-publish","4":"has-post-thumbnail","6":"product_cat-finnish","7":"pa_formaatti-lp-en","8":"pa_kaytetty-uusi-2nd-hand","10":"first","11":"instock","12":"shipping-taxable","13":"purchasable","14":"product-type-simple"},"acf":[],"_links":{"self":[{"href":"https:\/\/freshgarbage.fi\/en\/wp-json\/wp\/v2\/product\/74784","targetHints":{"allow":["GET"]}}],"collection":[{"href":"https:\/\/freshgarbage.fi\/en\/wp-json\/wp\/v2\/product"}],"about":[{"href":"https:\/\/freshgarbage.fi\/en\/wp-json\/wp\/v2\/types\/product"}],"wp:featuredmedia":[{"embeddable":true,"href":"https:\/\/freshgarbage.fi\/en\/wp-json\/wp\/v2\/media\/29562"}],"wp:attachment":[{"href":"https:\/\/freshgarbage.fi\/en\/wp-json\/wp\/v2\/media?parent=74784"}],"wp:term":[{"taxonomy":"product_brand","embeddable":true,"href":"https:\/\/freshgarbage.fi\/en\/wp-json\/wp\/v2\/product_brand?post=74784"},{"taxonomy":"product_cat","embeddable":true,"href":"https:\/\/freshgarbage.fi\/en\/wp-json\/wp\/v2\/product_cat?post=74784"},{"taxonomy":"product_tag","embeddable":true,"href":"https:\/\/freshgarbage.fi\/en\/wp-json\/wp\/v2\/product_tag?post=74784"}],"curies":[{"name":"wp","href":"https:\/\/api.w.org\/{rel}","templated":true}]}}