{"id":74777,"date":"2025-01-31T11:30:04","date_gmt":"2025-01-31T09:30:04","guid":{"rendered":"https:\/\/freshgarbage.fi\/tuote\/rotox-etsikko\/"},"modified":"2025-01-31T11:30:04","modified_gmt":"2025-01-31T09:30:04","slug":"rotox-etsikko","status":"publish","type":"product","link":"https:\/\/freshgarbage.fi\/en\/product\/rotox-etsikko\/","title":{"rendered":"Rotox \u2013 Etsikko"},"content":{"rendered":"","protected":false},"excerpt":{"rendered":"<p>Alkuper\u00e4inen painos.<\/p>\n<p>Levyss\u00e4 vain hyvin kevytt\u00e4 pintaj\u00e4lke\u00e4, mutta jossain hiljaisemmissa kohdissa hieman taustarapsetta. Takakannessa pari kuulak\u00e4rkikyn\u00e4merkint\u00e4\u00e4.<\/p>\n","protected":false},"featured_media":29820,"template":"","meta":{"_acf_changed":false},"product_brand":[],"product_cat":[120,113],"product_tag":[],"class_list":{"0":"post-74777","1":"product","2":"type-product","3":"status-publish","4":"has-post-thumbnail","6":"product_cat-finnish","7":"product_cat-progressive-rock-krautrock-en","8":"pa_formaatti-lp-en","9":"pa_kaytetty-uusi-2nd-hand","11":"first","12":"instock","13":"shipping-taxable","14":"purchasable","15":"product-type-simple"},"acf":[],"_links":{"self":[{"href":"https:\/\/freshgarbage.fi\/en\/wp-json\/wp\/v2\/product\/74777","targetHints":{"allow":["GET"]}}],"collection":[{"href":"https:\/\/freshgarbage.fi\/en\/wp-json\/wp\/v2\/product"}],"about":[{"href":"https:\/\/freshgarbage.fi\/en\/wp-json\/wp\/v2\/types\/product"}],"wp:featuredmedia":[{"embeddable":true,"href":"https:\/\/freshgarbage.fi\/en\/wp-json\/wp\/v2\/media\/29820"}],"wp:attachment":[{"href":"https:\/\/freshgarbage.fi\/en\/wp-json\/wp\/v2\/media?parent=74777"}],"wp:term":[{"taxonomy":"product_brand","embeddable":true,"href":"https:\/\/freshgarbage.fi\/en\/wp-json\/wp\/v2\/product_brand?post=74777"},{"taxonomy":"product_cat","embeddable":true,"href":"https:\/\/freshgarbage.fi\/en\/wp-json\/wp\/v2\/product_cat?post=74777"},{"taxonomy":"product_tag","embeddable":true,"href":"https:\/\/freshgarbage.fi\/en\/wp-json\/wp\/v2\/product_tag?post=74777"}],"curies":[{"name":"wp","href":"https:\/\/api.w.org\/{rel}","templated":true}]}}