{"id":74776,"date":"2026-02-17T13:00:18","date_gmt":"2026-02-17T11:00:18","guid":{"rendered":"https:\/\/freshgarbage.fi\/tuote\/the-police-every-breath-you-take-the-singles\/"},"modified":"2026-02-21T10:00:55","modified_gmt":"2026-02-21T08:00:55","slug":"the-police-every-breath-you-take-the-singles","status":"publish","type":"product","link":"https:\/\/freshgarbage.fi\/en\/product\/the-police-every-breath-you-take-the-singles\/","title":{"rendered":"The Police \u2013 Every Breath You Take (The Singles)"},"content":{"rendered":"","protected":false},"excerpt":{"rendered":"<p>Alkuper\u00e4inen USA-painos. Hieman kevytt\u00e4 j\u00e4lke\u00e4, soi hienosti.<\/p>\n<p>A1 Roxanne 3:10<br \/>\nA2 Can&#8217;t Stand Losing You 2:47<br \/>\nA3 Message In A Bottle 4:49<br \/>\nA4 Walking On The Moon 5:01<br \/>\nA5 Don&#8217;t Stand So Close To Me &#8217;86 4:48<br \/>\nA6 De Do Do Do De Da Da Da 4:07<br \/>\nB1 Every Little Thing She Does Is Magic 4:20<br \/>\nB2 Invisible Sun 3:43<br \/>\nB3 Spirits In The Material World 2:57<br \/>\nB4 Every Breath You Take 4:12<br \/>\nB5 King Of Pain 4:57<br \/>\nB6 Wrapped Around Your Finger 5:13<\/p>\n","protected":false},"featured_media":81951,"template":"","meta":{"_acf_changed":false},"product_brand":[],"product_cat":[116],"product_tag":[],"class_list":{"0":"post-74776","1":"product","2":"type-product","3":"status-publish","4":"has-post-thumbnail","6":"product_cat-rock-pop-en","7":"pa_formaatti-lp-en","8":"pa_kaytetty-uusi-2nd-hand","10":"first","11":"instock","12":"shipping-taxable","13":"purchasable","14":"product-type-simple"},"acf":[],"_links":{"self":[{"href":"https:\/\/freshgarbage.fi\/en\/wp-json\/wp\/v2\/product\/74776","targetHints":{"allow":["GET"]}}],"collection":[{"href":"https:\/\/freshgarbage.fi\/en\/wp-json\/wp\/v2\/product"}],"about":[{"href":"https:\/\/freshgarbage.fi\/en\/wp-json\/wp\/v2\/types\/product"}],"wp:featuredmedia":[{"embeddable":true,"href":"https:\/\/freshgarbage.fi\/en\/wp-json\/wp\/v2\/media\/81951"}],"wp:attachment":[{"href":"https:\/\/freshgarbage.fi\/en\/wp-json\/wp\/v2\/media?parent=74776"}],"wp:term":[{"taxonomy":"product_brand","embeddable":true,"href":"https:\/\/freshgarbage.fi\/en\/wp-json\/wp\/v2\/product_brand?post=74776"},{"taxonomy":"product_cat","embeddable":true,"href":"https:\/\/freshgarbage.fi\/en\/wp-json\/wp\/v2\/product_cat?post=74776"},{"taxonomy":"product_tag","embeddable":true,"href":"https:\/\/freshgarbage.fi\/en\/wp-json\/wp\/v2\/product_tag?post=74776"}],"curies":[{"name":"wp","href":"https:\/\/api.w.org\/{rel}","templated":true}]}}