{"id":74643,"date":"2025-03-27T11:40:00","date_gmt":"2025-03-27T09:40:00","guid":{"rendered":"https:\/\/freshgarbage.fi\/tuote\/hurmerinta-sorvali-big-band-pop-liisa-10\/"},"modified":"2025-03-27T11:40:00","modified_gmt":"2025-03-27T09:40:00","slug":"hurmerinta-sorvali-big-band-pop-liisa-10","status":"publish","type":"product","link":"https:\/\/freshgarbage.fi\/en\/product\/hurmerinta-sorvali-big-band-pop-liisa-10\/","title":{"rendered":"Hurmerinta-Sorvali Big Band \u2013 Pop Liisa 10"},"content":{"rendered":"","protected":false},"excerpt":{"rendered":"<p>L\u00e4pin\u00e4kyv\u00e4 levy. Mukana liite ja juliste.<\/p>\n","protected":false},"featured_media":32507,"template":"","meta":{"_acf_changed":false},"product_brand":[],"product_cat":[120,113],"product_tag":[],"class_list":{"0":"post-74643","1":"product","2":"type-product","3":"status-publish","4":"has-post-thumbnail","6":"product_cat-finnish","7":"product_cat-progressive-rock-krautrock-en","8":"pa_formaatti-lp-en","9":"pa_kaytetty-uusi-2nd-hand","11":"first","12":"instock","13":"shipping-taxable","14":"purchasable","15":"product-type-simple"},"acf":[],"_links":{"self":[{"href":"https:\/\/freshgarbage.fi\/en\/wp-json\/wp\/v2\/product\/74643","targetHints":{"allow":["GET"]}}],"collection":[{"href":"https:\/\/freshgarbage.fi\/en\/wp-json\/wp\/v2\/product"}],"about":[{"href":"https:\/\/freshgarbage.fi\/en\/wp-json\/wp\/v2\/types\/product"}],"wp:featuredmedia":[{"embeddable":true,"href":"https:\/\/freshgarbage.fi\/en\/wp-json\/wp\/v2\/media\/32507"}],"wp:attachment":[{"href":"https:\/\/freshgarbage.fi\/en\/wp-json\/wp\/v2\/media?parent=74643"}],"wp:term":[{"taxonomy":"product_brand","embeddable":true,"href":"https:\/\/freshgarbage.fi\/en\/wp-json\/wp\/v2\/product_brand?post=74643"},{"taxonomy":"product_cat","embeddable":true,"href":"https:\/\/freshgarbage.fi\/en\/wp-json\/wp\/v2\/product_cat?post=74643"},{"taxonomy":"product_tag","embeddable":true,"href":"https:\/\/freshgarbage.fi\/en\/wp-json\/wp\/v2\/product_tag?post=74643"}],"curies":[{"name":"wp","href":"https:\/\/api.w.org\/{rel}","templated":true}]}}