{"id":74550,"date":"2025-05-22T13:15:24","date_gmt":"2025-05-22T10:15:24","guid":{"rendered":"https:\/\/freshgarbage.fi\/tuote\/big-brother-the-holding-company-cheap-thrills\/"},"modified":"2026-03-21T13:13:37","modified_gmt":"2026-03-21T11:13:37","slug":"big-brother-the-holding-company-cheap-thrills","status":"publish","type":"product","link":"https:\/\/freshgarbage.fi\/en\/product\/big-brother-the-holding-company-cheap-thrills\/","title":{"rendered":"Big Brother &#038; The Holding Company \u2013 Cheap Thrills"},"content":{"rendered":"","protected":false},"excerpt":{"rendered":"<p>Eurooppa-painos 70-luvun puoliv\u00e4list\u00e4.<\/p>\n<p>Kevytt\u00e4 j\u00e4lke\u00e4, soi hyvin. Nimi kuulakyn\u00e4ll\u00e4 etukannen yl\u00e4reunassa.<\/p>\n","protected":false},"featured_media":34718,"template":"","meta":{"_acf_changed":false},"product_brand":[],"product_cat":[116],"product_tag":[],"class_list":{"0":"post-74550","1":"product","2":"type-product","3":"status-publish","4":"has-post-thumbnail","6":"product_cat-rock-pop-en","7":"pa_formaatti-lp-en","8":"pa_kaytetty-uusi-2nd-hand","10":"first","11":"outofstock","12":"shipping-taxable","13":"purchasable","14":"product-type-simple"},"acf":[],"_links":{"self":[{"href":"https:\/\/freshgarbage.fi\/en\/wp-json\/wp\/v2\/product\/74550","targetHints":{"allow":["GET"]}}],"collection":[{"href":"https:\/\/freshgarbage.fi\/en\/wp-json\/wp\/v2\/product"}],"about":[{"href":"https:\/\/freshgarbage.fi\/en\/wp-json\/wp\/v2\/types\/product"}],"wp:featuredmedia":[{"embeddable":true,"href":"https:\/\/freshgarbage.fi\/en\/wp-json\/wp\/v2\/media\/34718"}],"wp:attachment":[{"href":"https:\/\/freshgarbage.fi\/en\/wp-json\/wp\/v2\/media?parent=74550"}],"wp:term":[{"taxonomy":"product_brand","embeddable":true,"href":"https:\/\/freshgarbage.fi\/en\/wp-json\/wp\/v2\/product_brand?post=74550"},{"taxonomy":"product_cat","embeddable":true,"href":"https:\/\/freshgarbage.fi\/en\/wp-json\/wp\/v2\/product_cat?post=74550"},{"taxonomy":"product_tag","embeddable":true,"href":"https:\/\/freshgarbage.fi\/en\/wp-json\/wp\/v2\/product_tag?post=74550"}],"curies":[{"name":"wp","href":"https:\/\/api.w.org\/{rel}","templated":true}]}}