{"id":74544,"date":"2025-05-26T11:45:02","date_gmt":"2025-05-26T08:45:02","guid":{"rendered":"https:\/\/freshgarbage.fi\/tuote\/agents-jorma-kaariainen-agents-is-back\/"},"modified":"2025-05-26T11:45:02","modified_gmt":"2025-05-26T08:45:02","slug":"agents-jorma-kaariainen-agents-is-back","status":"publish","type":"product","link":"https:\/\/freshgarbage.fi\/en\/product\/agents-jorma-kaariainen-agents-is-back\/","title":{"rendered":"Agents &#038; Jorma K\u00e4\u00e4ri\u00e4inen \u2013 Agents Is Back!"},"content":{"rendered":"","protected":false},"excerpt":{"rendered":"<p>Keltainen vinyyli ltd 200, numeroitu. Juliste mukana.<\/p>\n","protected":false},"featured_media":34852,"template":"","meta":{"_acf_changed":false},"product_brand":[],"product_cat":[120],"product_tag":[],"class_list":{"0":"post-74544","1":"product","2":"type-product","3":"status-publish","4":"has-post-thumbnail","6":"product_cat-finnish","7":"pa_formaatti-lp-en","8":"pa_kaytetty-uusi-2nd-hand","10":"first","11":"instock","12":"shipping-taxable","13":"purchasable","14":"product-type-simple"},"acf":[],"_links":{"self":[{"href":"https:\/\/freshgarbage.fi\/en\/wp-json\/wp\/v2\/product\/74544","targetHints":{"allow":["GET"]}}],"collection":[{"href":"https:\/\/freshgarbage.fi\/en\/wp-json\/wp\/v2\/product"}],"about":[{"href":"https:\/\/freshgarbage.fi\/en\/wp-json\/wp\/v2\/types\/product"}],"wp:featuredmedia":[{"embeddable":true,"href":"https:\/\/freshgarbage.fi\/en\/wp-json\/wp\/v2\/media\/34852"}],"wp:attachment":[{"href":"https:\/\/freshgarbage.fi\/en\/wp-json\/wp\/v2\/media?parent=74544"}],"wp:term":[{"taxonomy":"product_brand","embeddable":true,"href":"https:\/\/freshgarbage.fi\/en\/wp-json\/wp\/v2\/product_brand?post=74544"},{"taxonomy":"product_cat","embeddable":true,"href":"https:\/\/freshgarbage.fi\/en\/wp-json\/wp\/v2\/product_cat?post=74544"},{"taxonomy":"product_tag","embeddable":true,"href":"https:\/\/freshgarbage.fi\/en\/wp-json\/wp\/v2\/product_tag?post=74544"}],"curies":[{"name":"wp","href":"https:\/\/api.w.org\/{rel}","templated":true}]}}