{"id":74504,"date":"2025-07-02T11:55:11","date_gmt":"2025-07-02T08:55:11","guid":{"rendered":"https:\/\/freshgarbage.fi\/tuote\/the-beatles-the-beatles-second-album\/"},"modified":"2025-07-02T11:55:11","modified_gmt":"2025-07-02T08:55:11","slug":"the-beatles-the-beatles-second-album","status":"publish","type":"product","link":"https:\/\/freshgarbage.fi\/en\/product\/the-beatles-the-beatles-second-album\/","title":{"rendered":"The Beatles \u2013 The Beatles&#8217; Second Album"},"content":{"rendered":"","protected":false},"excerpt":{"rendered":"<p>Briteiss\u00e4 Euroopan vientimarkkinoille vuonna 1969 painettu levy. Hivenen j\u00e4lke\u00e4. B2:ssa pari vaimeaa napausta, p\u00e4\u00e4osin soi hyvin. Kannen alareuna kostunut joskus, lis\u00e4ksi hieman taitosta.<\/p>\n<p>UK pressed Two-Box EMI version of The Beatles&#8217; Second Album on the Parlophone Label with black, silver and white Parlophone label.<\/p>\n","protected":false},"featured_media":36512,"template":"","meta":{"_acf_changed":false},"product_brand":[],"product_cat":[116],"product_tag":[],"class_list":{"0":"post-74504","1":"product","2":"type-product","3":"status-publish","4":"has-post-thumbnail","6":"product_cat-rock-pop-en","7":"pa_formaatti-lp-en","8":"pa_kaytetty-uusi-2nd-hand","10":"first","11":"instock","12":"shipping-taxable","13":"purchasable","14":"product-type-simple"},"acf":[],"_links":{"self":[{"href":"https:\/\/freshgarbage.fi\/en\/wp-json\/wp\/v2\/product\/74504","targetHints":{"allow":["GET"]}}],"collection":[{"href":"https:\/\/freshgarbage.fi\/en\/wp-json\/wp\/v2\/product"}],"about":[{"href":"https:\/\/freshgarbage.fi\/en\/wp-json\/wp\/v2\/types\/product"}],"wp:featuredmedia":[{"embeddable":true,"href":"https:\/\/freshgarbage.fi\/en\/wp-json\/wp\/v2\/media\/36512"}],"wp:attachment":[{"href":"https:\/\/freshgarbage.fi\/en\/wp-json\/wp\/v2\/media?parent=74504"}],"wp:term":[{"taxonomy":"product_brand","embeddable":true,"href":"https:\/\/freshgarbage.fi\/en\/wp-json\/wp\/v2\/product_brand?post=74504"},{"taxonomy":"product_cat","embeddable":true,"href":"https:\/\/freshgarbage.fi\/en\/wp-json\/wp\/v2\/product_cat?post=74504"},{"taxonomy":"product_tag","embeddable":true,"href":"https:\/\/freshgarbage.fi\/en\/wp-json\/wp\/v2\/product_tag?post=74504"}],"curies":[{"name":"wp","href":"https:\/\/api.w.org\/{rel}","templated":true}]}}