{"id":74465,"date":"2026-03-25T11:45:06","date_gmt":"2026-03-25T09:45:06","guid":{"rendered":"https:\/\/freshgarbage.fi\/tuote\/sielun-veljet-sakenoiva-voima-remix-maxi\/"},"modified":"2026-03-25T11:47:37","modified_gmt":"2026-03-25T09:47:37","slug":"sielun-veljet-sakenoiva-voima-remix-maxi","status":"publish","type":"product","link":"https:\/\/freshgarbage.fi\/en\/product\/sielun-veljet-sakenoiva-voima-remix-maxi\/","title":{"rendered":"Sielun Veljet \u2013 S\u00e4ken\u00f6iv\u00e4 Voima (Remix) MAXI"},"content":{"rendered":"","protected":false},"excerpt":{"rendered":"<p>A S\u00e4ken\u00f6iv\u00e4 Voima (Mitro Goes Vermo With Sielun Veljet) 6:02<br \/>\nB S\u00e4ken\u00f6iv\u00e4 Voima (Karaoke Re-Mix) (Dub) (Mitro Menee Ascot&#8217;iin Maitojunalla) 6:02<\/p>\n","protected":false},"featured_media":84198,"template":"","meta":{"_acf_changed":false},"product_brand":[],"product_cat":[120],"product_tag":[],"class_list":{"0":"post-74465","1":"product","2":"type-product","3":"status-publish","4":"has-post-thumbnail","6":"product_cat-finnish","7":"pa_formaatti-12-en","8":"pa_kaytetty-uusi-2nd-hand","10":"first","11":"instock","12":"shipping-taxable","13":"purchasable","14":"product-type-simple"},"acf":[],"_links":{"self":[{"href":"https:\/\/freshgarbage.fi\/en\/wp-json\/wp\/v2\/product\/74465","targetHints":{"allow":["GET"]}}],"collection":[{"href":"https:\/\/freshgarbage.fi\/en\/wp-json\/wp\/v2\/product"}],"about":[{"href":"https:\/\/freshgarbage.fi\/en\/wp-json\/wp\/v2\/types\/product"}],"wp:featuredmedia":[{"embeddable":true,"href":"https:\/\/freshgarbage.fi\/en\/wp-json\/wp\/v2\/media\/84198"}],"wp:attachment":[{"href":"https:\/\/freshgarbage.fi\/en\/wp-json\/wp\/v2\/media?parent=74465"}],"wp:term":[{"taxonomy":"product_brand","embeddable":true,"href":"https:\/\/freshgarbage.fi\/en\/wp-json\/wp\/v2\/product_brand?post=74465"},{"taxonomy":"product_cat","embeddable":true,"href":"https:\/\/freshgarbage.fi\/en\/wp-json\/wp\/v2\/product_cat?post=74465"},{"taxonomy":"product_tag","embeddable":true,"href":"https:\/\/freshgarbage.fi\/en\/wp-json\/wp\/v2\/product_tag?post=74465"}],"curies":[{"name":"wp","href":"https:\/\/api.w.org\/{rel}","templated":true}]}}