{"id":74420,"date":"2025-08-01T12:40:28","date_gmt":"2025-08-01T09:40:28","guid":{"rendered":"https:\/\/freshgarbage.fi\/tuote\/paat-onnenhetkia\/"},"modified":"2026-01-08T14:30:20","modified_gmt":"2026-01-08T12:30:20","slug":"paat-onnenhetkia","status":"publish","type":"product","link":"https:\/\/freshgarbage.fi\/en\/product\/paat-onnenhetkia\/","title":{"rendered":"P\u00e4\u00e4t \u2013 Onnenhetki\u00e4"},"content":{"rendered":"","protected":false},"excerpt":{"rendered":"<p>1. painos.<\/p>\n<p>Hyvin kevytt\u00e4 hiusj\u00e4lke\u00e4, soi moitteetta.<\/p>\n","protected":false},"featured_media":38044,"template":"","meta":{"_acf_changed":false},"product_brand":[],"product_cat":[120],"product_tag":[],"class_list":{"0":"post-74420","1":"product","2":"type-product","3":"status-publish","4":"has-post-thumbnail","6":"product_cat-finnish","7":"pa_formaatti-lp-en","8":"pa_kaytetty-uusi-2nd-hand","10":"first","11":"instock","12":"shipping-taxable","13":"purchasable","14":"product-type-simple"},"acf":[],"_links":{"self":[{"href":"https:\/\/freshgarbage.fi\/en\/wp-json\/wp\/v2\/product\/74420","targetHints":{"allow":["GET"]}}],"collection":[{"href":"https:\/\/freshgarbage.fi\/en\/wp-json\/wp\/v2\/product"}],"about":[{"href":"https:\/\/freshgarbage.fi\/en\/wp-json\/wp\/v2\/types\/product"}],"wp:featuredmedia":[{"embeddable":true,"href":"https:\/\/freshgarbage.fi\/en\/wp-json\/wp\/v2\/media\/38044"}],"wp:attachment":[{"href":"https:\/\/freshgarbage.fi\/en\/wp-json\/wp\/v2\/media?parent=74420"}],"wp:term":[{"taxonomy":"product_brand","embeddable":true,"href":"https:\/\/freshgarbage.fi\/en\/wp-json\/wp\/v2\/product_brand?post=74420"},{"taxonomy":"product_cat","embeddable":true,"href":"https:\/\/freshgarbage.fi\/en\/wp-json\/wp\/v2\/product_cat?post=74420"},{"taxonomy":"product_tag","embeddable":true,"href":"https:\/\/freshgarbage.fi\/en\/wp-json\/wp\/v2\/product_tag?post=74420"}],"curies":[{"name":"wp","href":"https:\/\/api.w.org\/{rel}","templated":true}]}}