{"id":74419,"date":"2026-02-17T13:00:30","date_gmt":"2026-02-17T11:00:30","guid":{"rendered":"https:\/\/freshgarbage.fi\/tuote\/various-jestapa-jepulis-herra-huun-ihmeelliset-seikkailut\/"},"modified":"2026-02-21T10:00:48","modified_gmt":"2026-02-21T08:00:48","slug":"various-jestapa-jepulis-herra-huun-ihmeelliset-seikkailut","status":"publish","type":"product","link":"https:\/\/freshgarbage.fi\/en\/product\/various-jestapa-jepulis-herra-huun-ihmeelliset-seikkailut\/","title":{"rendered":"Various \u2013 Jestapa Jepulis &#8211; Herra Huun Ihmeelliset Seikkailut"},"content":{"rendered":"","protected":false},"excerpt":{"rendered":"<p>Alkuper\u00e4inen painos.<\/p>\n<p>Jonkin verran kevytt\u00e4 j\u00e4lke\u00e4, soi hienosti. Kannessa hieman taitosta.<\/p>\n","protected":false},"featured_media":81969,"template":"","meta":{"_acf_changed":false},"product_brand":[],"product_cat":[120],"product_tag":[],"class_list":{"0":"post-74419","1":"product","2":"type-product","3":"status-publish","4":"has-post-thumbnail","6":"product_cat-finnish","7":"pa_formaatti-lp-en","8":"pa_kaytetty-uusi-2nd-hand","10":"first","11":"outofstock","12":"shipping-taxable","13":"purchasable","14":"product-type-simple"},"acf":[],"_links":{"self":[{"href":"https:\/\/freshgarbage.fi\/en\/wp-json\/wp\/v2\/product\/74419","targetHints":{"allow":["GET"]}}],"collection":[{"href":"https:\/\/freshgarbage.fi\/en\/wp-json\/wp\/v2\/product"}],"about":[{"href":"https:\/\/freshgarbage.fi\/en\/wp-json\/wp\/v2\/types\/product"}],"wp:featuredmedia":[{"embeddable":true,"href":"https:\/\/freshgarbage.fi\/en\/wp-json\/wp\/v2\/media\/81969"}],"wp:attachment":[{"href":"https:\/\/freshgarbage.fi\/en\/wp-json\/wp\/v2\/media?parent=74419"}],"wp:term":[{"taxonomy":"product_brand","embeddable":true,"href":"https:\/\/freshgarbage.fi\/en\/wp-json\/wp\/v2\/product_brand?post=74419"},{"taxonomy":"product_cat","embeddable":true,"href":"https:\/\/freshgarbage.fi\/en\/wp-json\/wp\/v2\/product_cat?post=74419"},{"taxonomy":"product_tag","embeddable":true,"href":"https:\/\/freshgarbage.fi\/en\/wp-json\/wp\/v2\/product_tag?post=74419"}],"curies":[{"name":"wp","href":"https:\/\/api.w.org\/{rel}","templated":true}]}}