{"id":74384,"date":"2025-01-15T11:45:18","date_gmt":"2025-01-15T09:45:18","guid":{"rendered":"https:\/\/freshgarbage.fi\/tuote\/matti-esko-jarvenpaa-kauriala-omia-polkujaan\/"},"modified":"2026-01-15T11:22:54","modified_gmt":"2026-01-15T09:22:54","slug":"matti-esko-jarvenpaa-kauriala-omia-polkujaan","status":"publish","type":"product","link":"https:\/\/freshgarbage.fi\/en\/product\/matti-esko-jarvenpaa-kauriala-omia-polkujaan\/","title":{"rendered":"Matti Esko \u2013 J\u00e4rvenp\u00e4\u00e4 &#8211; Kauriala: Omia Polkujaan"},"content":{"rendered":"","protected":false},"excerpt":{"rendered":"<p>Avaamaton alkuper\u00e4inen painos.<\/p>\n","protected":false},"featured_media":77229,"template":"","meta":{"_acf_changed":false},"product_brand":[],"product_cat":[120],"product_tag":[],"class_list":{"0":"post-74384","1":"product","2":"type-product","3":"status-publish","4":"has-post-thumbnail","6":"product_cat-finnish","7":"pa_formaatti-lp-en","8":"pa_kaytetty-uusi-2nd-hand","10":"first","11":"instock","12":"shipping-taxable","13":"purchasable","14":"product-type-simple"},"acf":[],"_links":{"self":[{"href":"https:\/\/freshgarbage.fi\/en\/wp-json\/wp\/v2\/product\/74384","targetHints":{"allow":["GET"]}}],"collection":[{"href":"https:\/\/freshgarbage.fi\/en\/wp-json\/wp\/v2\/product"}],"about":[{"href":"https:\/\/freshgarbage.fi\/en\/wp-json\/wp\/v2\/types\/product"}],"wp:featuredmedia":[{"embeddable":true,"href":"https:\/\/freshgarbage.fi\/en\/wp-json\/wp\/v2\/media\/77229"}],"wp:attachment":[{"href":"https:\/\/freshgarbage.fi\/en\/wp-json\/wp\/v2\/media?parent=74384"}],"wp:term":[{"taxonomy":"product_brand","embeddable":true,"href":"https:\/\/freshgarbage.fi\/en\/wp-json\/wp\/v2\/product_brand?post=74384"},{"taxonomy":"product_cat","embeddable":true,"href":"https:\/\/freshgarbage.fi\/en\/wp-json\/wp\/v2\/product_cat?post=74384"},{"taxonomy":"product_tag","embeddable":true,"href":"https:\/\/freshgarbage.fi\/en\/wp-json\/wp\/v2\/product_tag?post=74384"}],"curies":[{"name":"wp","href":"https:\/\/api.w.org\/{rel}","templated":true}]}}